{"id":65,"date":"2018-04-19T10:08:07","date_gmt":"2018-04-19T10:08:07","guid":{"rendered":"https:\/\/linetec.info\/?page_id=65"},"modified":"2025-03-18T12:17:26","modified_gmt":"2025-03-18T12:17:26","slug":"inhouse","status":"publish","type":"page","link":"https:\/\/linetec.info\/fr\/inhouse\/","title":{"rendered":"InHouse \/ Rohre in Geb\u00e4uden"},"content":{"rendered":"<div class=\"wpb-content-wrapper\"><p>[vc_row][vc_column width=\u00a0\u00bb2\/3&Prime;][vc_column_text]<\/p>\n<h2>INHOUSE \/ CONDUITES A L\u2019INT\u00c9RIEUR DES B\u00c2TIMENTS<\/h2>\n<p>Des tuyaux d\u00e9fectueux peuvent causer de graves dommages aux b\u00e2timents.<br \/>\nLes taches humides, les odeurs de moisi ou la formation de moisissures sont souvent caus\u00e9es par les eaux us\u00e9es qui p\u00e9n\u00e8trent dans la ma\u00e7onnerie par des joints qui fuient ou des fissures.<br \/>\nD\u00e9tect\u00e9s dans le temps, les tuyaux peuvent \u00eatre r\u00e9habilit\u00e9s de l&rsquo;int\u00e9rieur \u00e0 l&rsquo;aide d&rsquo;une chemisage. Le carrelage et la salle de bain restent compl\u00e8tement intacts. Ainsi, la r\u00e9habilitation n&rsquo;est pas seulement beaucoup moins ch\u00e8re, il n&rsquo;y a pas de salissures et vous pouvez g\u00e9n\u00e9ralement utiliser la salle de bain le m\u00eame jour.<br \/>\nlineTEC propose un syst\u00e8me de r\u00e9habilitation sp\u00e9cial pour les conduites \u00e0 l&rsquo;int\u00e9rieur des b\u00e2timents. Il est approuv\u00e9 par le DIBt allemand et offre des avantages \u00e9vidents en termes de co\u00fbt, de temps de r\u00e9habilitation et de durabilit\u00e9 par rapport aux tuyaux nouvellement install\u00e9s.<\/p>\n<p><strong>Produits lineTEC:<\/strong><\/p>\n<blockquote class=\"wp-embedded-content\" data-secret=\"CS3yYzBOka\"><p><a href=\"https:\/\/linetec.info\/fr\/inhouse-produkt\/\">InHouse<\/a><\/p><\/blockquote>\n<p><iframe loading=\"lazy\" class=\"wp-embedded-content\" sandbox=\"allow-scripts\" security=\"restricted\" style=\"position: absolute; visibility: hidden;\" title=\"\u00ab\u00a0InHouse\u00a0\u00bb &#8212; lineTEC\" src=\"https:\/\/linetec.info\/fr\/inhouse-produkt\/embed\/#?secret=3qIv8gR20K#?secret=CS3yYzBOka\" data-secret=\"CS3yYzBOka\" width=\"600\" height=\"338\" frameborder=\"0\" marginwidth=\"0\" marginheight=\"0\" scrolling=\"no\"><\/iframe><\/p>\n<p>[\/vc_column_text][\/vc_column][vc_column width=\u00a0\u00bb1\/3&Prime;][vc_single_image image=\u00a0\u00bb504&Prime; img_size=\u00a0\u00bbmedium\u00a0\u00bb alignment=\u00a0\u00bbcenter\u00a0\u00bb onclick=\u00a0\u00bbzoom\u00a0\u00bb][\/vc_column][\/vc_row]<\/p>\n<\/div>","protected":false},"excerpt":{"rendered":"<p>[vc_row][vc_column width=\u00a0\u00bb2\/3&Prime;][vc_column_text] INHOUSE \/ CONDUITES A L\u2019INT\u00c9RIEUR DES B\u00c2TIMENTS Des tuyaux d\u00e9fectueux peuvent causer de graves dommages aux b\u00e2timents. Les taches humides, les odeurs de moisi ou la formation de moisissures sont souvent caus\u00e9es par les eaux us\u00e9es qui p\u00e9n\u00e8trent dans la ma\u00e7onnerie par des joints qui fuient ou des fissures. D\u00e9tect\u00e9s dans le temps,&hellip;<\/p>\n","protected":false},"author":1,"featured_media":0,"parent":0,"menu_order":0,"comment_status":"closed","ping_status":"closed","template":"","meta":{"footnotes":""},"class_list":["post-65","page","type-page","status-publish","hentry","description-off"],"_links":{"self":[{"href":"https:\/\/linetec.info\/fr\/wp-json\/wp\/v2\/pages\/65","targetHints":{"allow":["GET"]}}],"collection":[{"href":"https:\/\/linetec.info\/fr\/wp-json\/wp\/v2\/pages"}],"about":[{"href":"https:\/\/linetec.info\/fr\/wp-json\/wp\/v2\/types\/page"}],"author":[{"embeddable":true,"href":"https:\/\/linetec.info\/fr\/wp-json\/wp\/v2\/users\/1"}],"replies":[{"embeddable":true,"href":"https:\/\/linetec.info\/fr\/wp-json\/wp\/v2\/comments?post=65"}],"version-history":[{"count":21,"href":"https:\/\/linetec.info\/fr\/wp-json\/wp\/v2\/pages\/65\/revisions"}],"predecessor-version":[{"id":2105,"href":"https:\/\/linetec.info\/fr\/wp-json\/wp\/v2\/pages\/65\/revisions\/2105"}],"wp:attachment":[{"href":"https:\/\/linetec.info\/fr\/wp-json\/wp\/v2\/media?parent=65"}],"curies":[{"name":"wp","href":"https:\/\/api.w.org\/{rel}","templated":true}]}}