{"id":61,"date":"2018-04-19T10:07:21","date_gmt":"2018-04-19T10:07:21","guid":{"rendered":"https:\/\/linetec.info\/?page_id=61"},"modified":"2021-02-09T08:45:53","modified_gmt":"2021-02-09T08:45:53","slug":"qualitaet","status":"publish","type":"page","link":"https:\/\/linetec.info\/fr\/qualitaet\/","title":{"rendered":"Qualit\u00e4t"},"content":{"rendered":"<div class=\"wpb-content-wrapper\"><p>[vc_row][vc_column width=\u00a0\u00bb2\/3&Prime;][vc_column_text]<\/p>\n<h2>UNE QUALIT\u00c9 QUI PORTE SES FRUITS<\/h2>\n<p>La qualit\u00e9 des chemisages et des r\u00e9sines utilis\u00e9es est d\u00e9terminante pour le r\u00e9sultat de la r\u00e9habilitation. C&rsquo;est pourquoi nous attachons une grande importance \u00e0 l&rsquo;assurance qualit\u00e9. Tous les facteurs importants pour la qualit\u00e9 tels que l&rsquo;\u00e9paisseur, la densit\u00e9, l&rsquo;allongement, le rev\u00eatement, etc. sont test\u00e9s avant, pendant et apr\u00e8s la production. Les r\u00e9sines et le stratifi\u00e9 r\u00e9sine sont \u00e9galement test\u00e9s r\u00e9guli\u00e8rement dans notre centre d&rsquo;essai et notre installation pilote. Les d\u00e9penses relativement \u00e9lev\u00e9es se concr\u00e9tise par un taux de plaintes extr\u00eamement faible, ce qui est appr\u00e9ci\u00e9 non seulement par les canalisateurs, mais aussi par les donneurs d&rsquo;ordre.[\/vc_column_text][\/vc_column][vc_column width=\u00a0\u00bb1\/3&Prime;][vc_single_image image=\u00a0\u00bb639&Prime; img_size=\u00a0\u00bbmedium\u00a0\u00bb alignment=\u00a0\u00bbcenter\u00a0\u00bb style=\u00a0\u00bbvc_box_shadow_3d\u00a0\u00bb onclick=\u00a0\u00bbcustom_link\u00a0\u00bb img_link_target=\u00a0\u00bb_blank\u00a0\u00bb link=\u00a0\u00bbhttps:\/\/linetec.info\/wp-content\/uploads\/2021\/02\/Zertifikat-ISO-9001_2015-engl.-gueltig-bis-30.06.2023.pdf\u00a0\u00bb][\/vc_column][\/vc_row]<\/p>\n<\/div>","protected":false},"excerpt":{"rendered":"<p>[vc_row][vc_column width=\u00a0\u00bb2\/3&Prime;][vc_column_text] UNE QUALIT\u00c9 QUI PORTE SES FRUITS La qualit\u00e9 des chemisages et des r\u00e9sines utilis\u00e9es est d\u00e9terminante pour le r\u00e9sultat de la r\u00e9habilitation. C&rsquo;est pourquoi nous attachons une grande importance \u00e0 l&rsquo;assurance qualit\u00e9. Tous les facteurs importants pour la qualit\u00e9 tels que l&rsquo;\u00e9paisseur, la densit\u00e9, l&rsquo;allongement, le rev\u00eatement, etc. sont test\u00e9s avant, pendant et&hellip;<\/p>\n","protected":false},"author":1,"featured_media":0,"parent":0,"menu_order":0,"comment_status":"closed","ping_status":"closed","template":"","meta":{"footnotes":""},"class_list":["post-61","page","type-page","status-publish","hentry","description-off"],"_links":{"self":[{"href":"https:\/\/linetec.info\/fr\/wp-json\/wp\/v2\/pages\/61","targetHints":{"allow":["GET"]}}],"collection":[{"href":"https:\/\/linetec.info\/fr\/wp-json\/wp\/v2\/pages"}],"about":[{"href":"https:\/\/linetec.info\/fr\/wp-json\/wp\/v2\/types\/page"}],"author":[{"embeddable":true,"href":"https:\/\/linetec.info\/fr\/wp-json\/wp\/v2\/users\/1"}],"replies":[{"embeddable":true,"href":"https:\/\/linetec.info\/fr\/wp-json\/wp\/v2\/comments?post=61"}],"version-history":[{"count":18,"href":"https:\/\/linetec.info\/fr\/wp-json\/wp\/v2\/pages\/61\/revisions"}],"predecessor-version":[{"id":1492,"href":"https:\/\/linetec.info\/fr\/wp-json\/wp\/v2\/pages\/61\/revisions\/1492"}],"wp:attachment":[{"href":"https:\/\/linetec.info\/fr\/wp-json\/wp\/v2\/media?parent=61"}],"curies":[{"name":"wp","href":"https:\/\/api.w.org\/{rel}","templated":true}]}}