{"id":59,"date":"2018-04-19T10:07:06","date_gmt":"2018-04-19T10:07:06","guid":{"rendered":"https:\/\/linetec.info\/?page_id=59"},"modified":"2018-10-14T21:03:33","modified_gmt":"2018-10-14T21:03:33","slug":"produktion","status":"publish","type":"page","link":"https:\/\/linetec.info\/fr\/produktion\/","title":{"rendered":"(Deutsch) Produktion"},"content":{"rendered":"<div class=\"wpb-content-wrapper\"><p>[vc_row][vc_column width=\u00a0\u00bb2\/3&Prime; css=\u00a0\u00bb.vc_custom_1525684301836{margin-bottom: 30px !important;}\u00a0\u00bb][vc_column_text]<\/p>\n<h2>LIVRAISON RAPIDE DIRECTEMENT DU FABRICANT<\/h2>\n<p>En tant que l&rsquo;un des rares fournisseurs de liners, nous fabriquons nous-m\u00eames les textiles utilis\u00e9s \u00e0 cette fin. Les textiles sont produits sur les \u00e9quipements les plus modernes dans notre usine de Fulda. Les liners sont confectionn\u00e9s \u00e0 l&rsquo;usine de Giengen. Ici, nous avons la possibilit\u00e9 non seulement de produire des assortiments standard, mais aussi de fabriquer des mod\u00e8les sp\u00e9ciaux selon vos sp\u00e9cifications. La combinaison de liners standard en stock et de conceptions sp\u00e9ciales individuelles font de nous un fournisseur de syst\u00e8mes unique avec des d\u00e9lais de livraison courts.[\/vc_column_text][\/vc_column][vc_column width=\u00a0\u00bb1\/3&Prime;][vc_single_image image=\u00a0\u00bb488&Prime; img_size=\u00a0\u00bbmedium\u00a0\u00bb alignment=\u00a0\u00bbcenter\u00a0\u00bb style=\u00a0\u00bbvc_box_shadow_3d\u00a0\u00bb image_hovers=\u00a0\u00bbfalse\u00a0\u00bb][vc_column_text css=\u00a0\u00bb.vc_custom_1539551010570{margin-top: -20px !important;}\u00a0\u00bb]<em>Production de textiles \u00e0 Fulda<\/em>[\/vc_column_text][\/vc_column][\/vc_row]<\/p>\n<\/div>","protected":false},"excerpt":{"rendered":"<p>[vc_row][vc_column width=\u00a0\u00bb2\/3&Prime; css=\u00a0\u00bb.vc_custom_1525684301836{margin-bottom: 30px !important;}\u00a0\u00bb][vc_column_text] LIVRAISON RAPIDE DIRECTEMENT DU FABRICANT En tant que l&rsquo;un des rares fournisseurs de liners, nous fabriquons nous-m\u00eames les textiles utilis\u00e9s \u00e0 cette fin. Les textiles sont produits sur les \u00e9quipements les plus modernes dans notre usine de Fulda. Les liners sont confectionn\u00e9s \u00e0 l&rsquo;usine de Giengen. Ici, nous avons la&hellip;<\/p>\n","protected":false},"author":1,"featured_media":0,"parent":0,"menu_order":0,"comment_status":"closed","ping_status":"closed","template":"","meta":{"footnotes":""},"class_list":["post-59","page","type-page","status-publish","hentry","description-off"],"_links":{"self":[{"href":"https:\/\/linetec.info\/fr\/wp-json\/wp\/v2\/pages\/59","targetHints":{"allow":["GET"]}}],"collection":[{"href":"https:\/\/linetec.info\/fr\/wp-json\/wp\/v2\/pages"}],"about":[{"href":"https:\/\/linetec.info\/fr\/wp-json\/wp\/v2\/types\/page"}],"author":[{"embeddable":true,"href":"https:\/\/linetec.info\/fr\/wp-json\/wp\/v2\/users\/1"}],"replies":[{"embeddable":true,"href":"https:\/\/linetec.info\/fr\/wp-json\/wp\/v2\/comments?post=59"}],"version-history":[{"count":27,"href":"https:\/\/linetec.info\/fr\/wp-json\/wp\/v2\/pages\/59\/revisions"}],"predecessor-version":[{"id":759,"href":"https:\/\/linetec.info\/fr\/wp-json\/wp\/v2\/pages\/59\/revisions\/759"}],"wp:attachment":[{"href":"https:\/\/linetec.info\/fr\/wp-json\/wp\/v2\/media?parent=59"}],"curies":[{"name":"wp","href":"https:\/\/api.w.org\/{rel}","templated":true}]}}