{"id":55,"date":"2018-04-19T10:04:12","date_gmt":"2018-04-19T10:04:12","guid":{"rendered":"https:\/\/linetec.info\/?page_id=55"},"modified":"2020-04-14T14:10:58","modified_gmt":"2020-04-14T14:10:58","slug":"unternehmen","status":"publish","type":"page","link":"https:\/\/linetec.info\/fr\/unternehmen\/","title":{"rendered":"(Deutsch) Unternehmen"},"content":{"rendered":"<div class=\"wpb-content-wrapper\"><p>[vc_row][vc_column width=\u00a0\u00bb2\/3&Prime;][vc_column_text]<\/p>\n<h2>L&rsquo;ENTREPRISE<\/h2>\n<p>Vereinigte Filzfabriken AG, bas\u00e9e \u00e0 Giengen\/Brenz (VFG), est l&rsquo;un des producteurs de feutres les plus traditionnels d&rsquo;Europe. En 2018, l&rsquo;entreprise voit sur 160 ans d&rsquo;histoire.<br \/>\nLes feutres de laine et aiguillet\u00e9s de VFG sont utilis\u00e9s dans une grande vari\u00e9t\u00e9 d&rsquo;industries dans le monde entier. VFG compte parmi ses clients des entreprises des secteurs de l&rsquo;automobile, de l&rsquo;\u00e9lectricit\u00e9, de la construction et de l&rsquo;acier, ainsi que des fabricants de machines et de pianos.<br \/>\nIl y a plus de 20 ans, VFG a d\u00e9velopp\u00e9 les premiers chemisages pour la r\u00e9habilitation de canalisations et est toujours l&rsquo;un des principaux fournisseurs de syst\u00e8mes dans le domaine de la r\u00e9habilitation de canalisations avec sa marque lineTEC.<br \/>\nVereinigte Filzfabriken AG agit en tant que membre du GROUPE FFF dans une forte communaut\u00e9 d&rsquo;entreprises qui partagent une passion commune : Non-tiss\u00e9s et feutres ! Le Groupe a de l&rsquo;exp\u00e9rience dans plus de 100 industries \u00e0 travers le monde. En tant que fournisseur de syst\u00e8mes dans le domaine des non-tiss\u00e9s.<br \/>\nnous sommes la premi\u00e8re adresse pour le d\u00e9veloppement de solutions textiles intelligentes et techniques.<br \/>\n[\/vc_column_text][\/vc_column][vc_column width=\u00a0\u00bb1\/3&Prime;]<div class=\"ult-just-icon-wrapper   vc_custom_1539550825093\"><div class=\"align-icon\" style=\"text-align:center;\">\n<a class=\"aio-tooltip 69ea0e6217462\" href=\"http:\/\/www.vfg.de\/de\/startseite.html\" target=\"_blank\" rel=\"noopener\"  data-toggle=\"tooltip\" data-placement=\"\"><div class=\"aio-icon-img \" style=\"font-size:150px;display:inline-block;\" >\n\t<img decoding=\"async\" class=\"img-icon\" alt=\"null\" src=\"https:\/\/linetec.info\/wp-content\/uploads\/2018\/05\/VFG-Logo.jpg\"\/>\n<\/div><\/a><\/div><\/div>[\/vc_column][\/vc_row][vc_row][vc_column width=\u00a0\u00bb1\/2&Prime;][vc_single_image image=\u00a0\u00bb172&Prime; img_size=\u00a0\u00bbmedium\u00a0\u00bb alignment=\u00a0\u00bbcenter\u00a0\u00bb style=\u00a0\u00bbvc_box_shadow_3d\u00a0\u00bb image_hovers=\u00a0\u00bbfalse\u00a0\u00bb][vc_column_text css=\u00a0\u00bb.vc_custom_1539550905999{margin-top: -20px !important;}\u00a0\u00bb]<\/p>\n<p style=\"text-align: center;\"><em>W\u00fcrttembergische Wollfilzmanufaktur (vers 1860)<br \/>\n<\/em><\/p>\n<p>[\/vc_column_text][\/vc_column][vc_column width=\u00a0\u00bb1\/2&Prime;][vc_single_image image=\u00a0\u00bb221&Prime; img_size=\u00a0\u00bbmedium\u00a0\u00bb alignment=\u00a0\u00bbcenter\u00a0\u00bb style=\u00a0\u00bbvc_box_shadow_3d\u00a0\u00bb image_hovers=\u00a0\u00bbfalse\u00a0\u00bb][vc_column_text css=\u00a0\u00bb.vc_custom_1539550912520{margin-top: -20px !important;}\u00a0\u00bb]<\/p>\n<p style=\"text-align: center;\"><em>Vereinigte Filzfabriken AG (aujourd&rsquo;hui)<br \/>\n<\/em><\/p>\n<p>[\/vc_column_text][\/vc_column][\/vc_row]<\/p>\n<\/div>","protected":false},"excerpt":{"rendered":"<p>[vc_row][vc_column width=\u00a0\u00bb2\/3&Prime;][vc_column_text] L&rsquo;ENTREPRISE Vereinigte Filzfabriken AG, bas\u00e9e \u00e0 Giengen\/Brenz (VFG), est l&rsquo;un des producteurs de feutres les plus traditionnels d&rsquo;Europe. En 2018, l&rsquo;entreprise voit sur 160 ans d&rsquo;histoire. Les feutres de laine et aiguillet\u00e9s de VFG sont utilis\u00e9s dans une grande vari\u00e9t\u00e9 d&rsquo;industries dans le monde entier. VFG compte parmi ses clients des entreprises des&hellip;<\/p>\n","protected":false},"author":1,"featured_media":0,"parent":0,"menu_order":0,"comment_status":"closed","ping_status":"closed","template":"","meta":{"footnotes":""},"class_list":["post-55","page","type-page","status-publish","hentry","description-off"],"_links":{"self":[{"href":"https:\/\/linetec.info\/fr\/wp-json\/wp\/v2\/pages\/55","targetHints":{"allow":["GET"]}}],"collection":[{"href":"https:\/\/linetec.info\/fr\/wp-json\/wp\/v2\/pages"}],"about":[{"href":"https:\/\/linetec.info\/fr\/wp-json\/wp\/v2\/types\/page"}],"author":[{"embeddable":true,"href":"https:\/\/linetec.info\/fr\/wp-json\/wp\/v2\/users\/1"}],"replies":[{"embeddable":true,"href":"https:\/\/linetec.info\/fr\/wp-json\/wp\/v2\/comments?post=55"}],"version-history":[{"count":38,"href":"https:\/\/linetec.info\/fr\/wp-json\/wp\/v2\/pages\/55\/revisions"}],"predecessor-version":[{"id":1222,"href":"https:\/\/linetec.info\/fr\/wp-json\/wp\/v2\/pages\/55\/revisions\/1222"}],"wp:attachment":[{"href":"https:\/\/linetec.info\/fr\/wp-json\/wp\/v2\/media?parent=55"}],"curies":[{"name":"wp","href":"https:\/\/api.w.org\/{rel}","templated":true}]}}