{"id":42,"date":"2018-04-17T14:06:45","date_gmt":"2018-04-17T14:06:45","guid":{"rendered":"https:\/\/linetec.info\/?page_id=42"},"modified":"2025-10-06T09:51:19","modified_gmt":"2025-10-06T09:51:19","slug":"impressum","status":"publish","type":"page","link":"https:\/\/linetec.info\/fr\/impressum\/","title":{"rendered":"Empreinte"},"content":{"rendered":"<div class=\"wpb-content-wrapper\"><p>[vc_row][vc_column width=\u00a0\u00bb1\/2&Prime;][vc_column_text css=\u00a0\u00bb\u00a0\u00bb]<strong>Vereinigte Filzfabriken AG<\/strong><\/p>\n<p>Giengener Weg 66<br \/>\n89537 Giengen<\/p>\n<p>Telefon: +49 7322-144-333<\/p>\n<p><a href=\"mailto:linetec@vfg.de\">linetec@vfg.de<\/a><br \/>\n<a href=\"http:\/\/www.vfg.de\/\">www.vfg.de<\/a><\/p>\n<p>Navigation:<br \/>\nHermaringer Stra\u00dfe 9<br \/>\n(au passage \u00e0 niveau, suivre la signalisation)<\/p>\n<p>\u00ab\u00a0Planifiez votre itin\u00e9raire avec Google Maps<\/p>\n<p>CEO: J\u00fcrgen Haggenm\u00fcller, Manuel Sch\u00e4rtl<\/p>\n<p>Registre de commerce: Ulm, Register-Nr. HRB 660001<br \/>\nNum\u00e9ro d&rsquo;identification de TVA selon \u00a7 27a de la loi sur la taxe sur la valeur ajout\u00e9e :<br \/>\nDE 811 112 655<\/p>\n<p>Responsable du contenu selon \u00a7 55 paragraphe 2 RStV :<br \/>\nJ\u00fcrgen Haggenm\u00fcller, Manuel Sch\u00e4rtl[\/vc_column_text][\/vc_column][vc_column width=\u00a0\u00bb1\/2&Prime;][vc_gmaps link=\u00a0\u00bb#E-8_JTNDaWZyYW1lJTIwc3JjJTNEJTIyaHR0cHMlM0ElMkYlMkZ3d3cuZ29vZ2xlLmNvbSUyRm1hcHMlMkZlbWJlZCUzRnBiJTNEJTIxMW0xOCUyMTFtMTIlMjExbTMlMjExZDI2MzcuNzc4ODM4MTUzNDA2JTIxMmQxMC4yNDY3NjgzMTUxNTc0NzglMjEzZDQ4LjYxNDA3NjUyNTgzMjU4JTIxMm0zJTIxMWYwJTIxMmYwJTIxM2YwJTIxM20yJTIxMWkxMDI0JTIxMmk3NjglMjE0ZjEzLjElMjEzbTMlMjExbTIlMjExczB4NDc5OTNmM2IyNzIwZDE4ZiUyNTNBMHhiYmE4NGU2OTBjNWVhMzk3JTIxMnNWZXJlaW5pZ3RlJTJCRmlsemZhYnJpa2VuJTJCQUclMjE1ZTAlMjEzbTIlMjExc2RlJTIxMnNkZSUyMTR2MTUyNDE0MDM3OTYwNCUyMiUyMHdpZHRoJTNEJTIyNjAwJTIyJTIwaGVpZ2h0JTNEJTIyNDUwJTIyJTIwZnJhbWVib3JkZXIlM0QlMjIwJTIyJTIwc3R5bGUlM0QlMjJib3JkZXIlM0EwJTIyJTIwYWxsb3dmdWxsc2NyZWVuJTNFJTNDJTJGaWZyYW1lJTNF\u00a0\u00bb][\/vc_column][\/vc_row][vc_row][vc_column][vc_column_text]<strong>Bureau d&rsquo;arbitrage<\/strong><\/p>\n<p>L&rsquo;organisme d&rsquo;arbitrage des consommateurs comp\u00e9tent est : Office g\u00e9n\u00e9ral d&rsquo;arbitrage des consommateurs du Zentrum f\u00fcr Schlichtung e.V., Stra\u00dfburger Str. 8, 77694 Kehl, t\u00e9l\u00e9phone : +49 7851 79579 40, fax : +49 7851 79579 40, Internet : www.verbraucher-schlichter.de, e-mail : mail@verbraucher-schlichter.de., e-mail : mail@verbraucher-schlichter.de.<\/p>\n<p>Toutefois, nous d\u00e9clarons par la pr\u00e9sente que nous ne sommes ni dispos\u00e9s ni oblig\u00e9s de participer aux proc\u00e9dures de r\u00e8glement des diff\u00e9rends.<\/p>\n<p><strong>Questions juridiques<\/strong><\/p>\n<p><strong>Links Liens sur ce site Web :<\/strong><\/p>\n<p>Le tribunal r\u00e9gional de Hambourg a d\u00e9cid\u00e9 avec jugement du 12.05.1998 que l&rsquo;on doit r\u00e9pondre \u00e9ventuellement \u00e9galement pour les contenus du site li\u00e9 par le placement du lien de page. Selon le tribunal r\u00e9gional, cela ne peut \u00eatre \u00e9vit\u00e9 qu&rsquo;en se distan\u00e7ant express\u00e9ment de ces contenus.<\/p>\n<p><strong>Ce qui suit s&rsquo;applique \u00e0 tous les liens sur le site Web de Vereinigte Filzfabriken AG :<\/strong><\/p>\n<p>\u00ab\u00a0Vereinigte Filzfabriken AG, la r\u00e9daction de Vereinigte Filzfabriken AG et le webmaster soulignent qu&rsquo;ils n&rsquo;ont aucune influence sur la conception et le contenu des pages li\u00e9es. C&rsquo;est pourquoi nous nous dissocions express\u00e9ment par la pr\u00e9sente du contenu des pages li\u00e9es sur l&rsquo;ensemble du site Web, y compris toutes les sous-pages. Cette d\u00e9claration s&rsquo;applique \u00e0 tous les liens sur ce site Web et \u00e0 tous les contenus des pages vers lesquelles m\u00e8nent les liens ou banni\u00e8res de ce site Web de Vereinigte Filzfabriken AG\u00a0\u00bb.[\/vc_column_text][\/vc_column][\/vc_row]<\/p>\n<\/div>","protected":false},"excerpt":{"rendered":"<p>[vc_row][vc_column width=\u00a0\u00bb1\/2&Prime;][vc_column_text css=\u00a0\u00bb\u00a0\u00bb]Vereinigte Filzfabriken AG Giengener Weg 66 89537 Giengen Telefon: +49 7322-144-333 linetec@vfg.de www.vfg.de Navigation: Hermaringer Stra\u00dfe 9 (au passage \u00e0 niveau, suivre la signalisation) \u00ab\u00a0Planifiez votre itin\u00e9raire avec Google Maps CEO: J\u00fcrgen Haggenm\u00fcller, Manuel Sch\u00e4rtl Registre de commerce: Ulm, Register-Nr. HRB 660001 Num\u00e9ro d&rsquo;identification de TVA selon \u00a7 27a de la loi sur&hellip;<\/p>\n","protected":false},"author":1,"featured_media":0,"parent":0,"menu_order":0,"comment_status":"closed","ping_status":"closed","template":"","meta":{"footnotes":""},"class_list":["post-42","page","type-page","status-publish","hentry","description-off"],"_links":{"self":[{"href":"https:\/\/linetec.info\/fr\/wp-json\/wp\/v2\/pages\/42","targetHints":{"allow":["GET"]}}],"collection":[{"href":"https:\/\/linetec.info\/fr\/wp-json\/wp\/v2\/pages"}],"about":[{"href":"https:\/\/linetec.info\/fr\/wp-json\/wp\/v2\/types\/page"}],"author":[{"embeddable":true,"href":"https:\/\/linetec.info\/fr\/wp-json\/wp\/v2\/users\/1"}],"replies":[{"embeddable":true,"href":"https:\/\/linetec.info\/fr\/wp-json\/wp\/v2\/comments?post=42"}],"version-history":[{"count":44,"href":"https:\/\/linetec.info\/fr\/wp-json\/wp\/v2\/pages\/42\/revisions"}],"predecessor-version":[{"id":2137,"href":"https:\/\/linetec.info\/fr\/wp-json\/wp\/v2\/pages\/42\/revisions\/2137"}],"wp:attachment":[{"href":"https:\/\/linetec.info\/fr\/wp-json\/wp\/v2\/media?parent=42"}],"curies":[{"name":"wp","href":"https:\/\/api.w.org\/{rel}","templated":true}]}}