{"id":275,"date":"2018-04-30T08:25:27","date_gmt":"2018-04-30T08:25:27","guid":{"rendered":"https:\/\/linetec.info\/?page_id=275"},"modified":"2018-10-14T21:33:14","modified_gmt":"2018-10-14T21:33:14","slug":"immobilienwirtschaft","status":"publish","type":"page","link":"https:\/\/linetec.info\/fr\/immobilienwirtschaft\/","title":{"rendered":"SECTEUR IMMOBILIER"},"content":{"rendered":"<div class=\"wpb-content-wrapper\"><p>[vc_row][vc_column width=\u00a0\u00bb2\/3&Prime;][vc_column_text]<\/p>\n<h2>SECTEUR IMMOBILIER<\/h2>\n<p>En tant que gestionnaire de propri\u00e9t\u00e9s r\u00e9sidentielles et de grandes propri\u00e9t\u00e9s, vous avez une t\u00e2che sp\u00e9ciale qui vous attend.<br \/>\nIl n&rsquo;est pas seulement n\u00e9cessaire de planifier une r\u00e9habilitation professionnelle et permanente des canalisations, mais aussi de contenir au maximum les nuisances pour les r\u00e9sidents, les locataires ou le personnel.<br \/>\nIl est particuli\u00e8rement important de minimiser les temps d&rsquo;arr\u00eat lors de la r\u00e9novation des conduites de descente ou des conduites souterraines d&rsquo;eaux us\u00e9es, car la majorit\u00e9 des syst\u00e8mes de traitement des eaux us\u00e9es de l&rsquo;ensemble du b\u00e2timent sont affect\u00e9s par la mesure.<br \/>\nlineTEC propose des solutions de r\u00e9habilitation homologu\u00e9es DIBt (Allemand) pour les conduites de descente, les conduites principales et les conduites de petites dimensions avec des coudes jusqu&rsquo;\u00e0 90\u00b0 et des changements bidimensionnels.<br \/>\nNous avons \u00e9galement la bonne solution pour les cuisines de cantine ou les blanchisseries d&rsquo;h\u00f4tel. Nous vous conseillons volontiers sur nos produits ou vous assistons dans la planification.[\/vc_column_text][\/vc_column][vc_column width=\u00a0\u00bb1\/3&Prime;][vc_single_image image=\u00a0\u00bb512&Prime; img_size=\u00a0\u00bbmedium\u00a0\u00bb alignment=\u00a0\u00bbcenter\u00a0\u00bb onclick=\u00a0\u00bbzoom\u00a0\u00bb][\/vc_column][\/vc_row]<\/p>\n<\/div>","protected":false},"excerpt":{"rendered":"<p>[vc_row][vc_column width=\u00a0\u00bb2\/3&Prime;][vc_column_text] SECTEUR IMMOBILIER En tant que gestionnaire de propri\u00e9t\u00e9s r\u00e9sidentielles et de grandes propri\u00e9t\u00e9s, vous avez une t\u00e2che sp\u00e9ciale qui vous attend. Il n&rsquo;est pas seulement n\u00e9cessaire de planifier une r\u00e9habilitation professionnelle et permanente des canalisations, mais aussi de contenir au maximum les nuisances pour les r\u00e9sidents, les locataires ou le personnel. Il est&hellip;<\/p>\n","protected":false},"author":1,"featured_media":0,"parent":0,"menu_order":0,"comment_status":"closed","ping_status":"closed","template":"","meta":{"footnotes":""},"class_list":["post-275","page","type-page","status-publish","hentry","description-off"],"_links":{"self":[{"href":"https:\/\/linetec.info\/fr\/wp-json\/wp\/v2\/pages\/275","targetHints":{"allow":["GET"]}}],"collection":[{"href":"https:\/\/linetec.info\/fr\/wp-json\/wp\/v2\/pages"}],"about":[{"href":"https:\/\/linetec.info\/fr\/wp-json\/wp\/v2\/types\/page"}],"author":[{"embeddable":true,"href":"https:\/\/linetec.info\/fr\/wp-json\/wp\/v2\/users\/1"}],"replies":[{"embeddable":true,"href":"https:\/\/linetec.info\/fr\/wp-json\/wp\/v2\/comments?post=275"}],"version-history":[{"count":14,"href":"https:\/\/linetec.info\/fr\/wp-json\/wp\/v2\/pages\/275\/revisions"}],"predecessor-version":[{"id":766,"href":"https:\/\/linetec.info\/fr\/wp-json\/wp\/v2\/pages\/275\/revisions\/766"}],"wp:attachment":[{"href":"https:\/\/linetec.info\/fr\/wp-json\/wp\/v2\/media?parent=275"}],"curies":[{"name":"wp","href":"https:\/\/api.w.org\/{rel}","templated":true}]}}