{"id":273,"date":"2018-04-30T08:24:58","date_gmt":"2018-04-30T08:24:58","guid":{"rendered":"https:\/\/linetec.info\/?page_id=273"},"modified":"2018-10-14T21:31:46","modified_gmt":"2018-10-14T21:31:46","slug":"industrie","status":"publish","type":"page","link":"https:\/\/linetec.info\/fr\/industrie\/","title":{"rendered":"INDUSTRIE"},"content":{"rendered":"<div class=\"wpb-content-wrapper\"><p>[vc_row][vc_column width=\u00a0\u00bb2\/3&Prime;][vc_column_text]<\/p>\n<h2>INDUSTRIE<\/h2>\n<p>La r\u00e9habilitation des \u00e9gouts en cours d&rsquo;exploitation est un d\u00e9fi majeur.<br \/>\nLe remplacement des tuyaux en construction ouverte est souvent exclu en raison des longs temps d&rsquo;arr\u00eat et de la salet\u00e9 qui s&rsquo;accumule. Les chemisages de conduites se sont r\u00e9v\u00e9l\u00e9s particuli\u00e8rement efficaces lors de la r\u00e9habilitation. La remise \u00e0 neuf est g\u00e9n\u00e9ralement effectu\u00e9e ligne par ligne, de sorte que les temps d&rsquo;arr\u00eat sont g\u00e9n\u00e9ralement r\u00e9duits au minimum entre quelques heures et quelques jours. Comme aucune salet\u00e9 et presque aucune \u00e9mission n&rsquo;est produite lors de la r\u00e9habilitation des canalisations, la r\u00e9habilitation en cours d&rsquo;exploitation est possible dans la plupart des cas.<br \/>\nlineTEC propose des solutions de r\u00e9habilitation sp\u00e9cialement d\u00e9velopp\u00e9es pour les conduites d&rsquo;eaux us\u00e9es et d&rsquo;eau de process en milieu industriel. Il s&rsquo;agit de liners avec des couches ou des renforts en fibre de verre et des r\u00e9sines \u00e9poxy avec une r\u00e9sistance chimique particuli\u00e8rement \u00e9lev\u00e9e, qui peuvent \u00e9galement \u00eatre utilis\u00e9s \u00e0 des temp\u00e9ratures d&rsquo;eaux us\u00e9es \u00e9lev\u00e9es et changeantes. Nous nous ferons un plaisir de v\u00e9rifier l&rsquo;ad\u00e9quation \u00e0 votre projet.[\/vc_column_text][\/vc_column][vc_column width=\u00a0\u00bb1\/3&Prime;][vc_single_image image=\u00a0\u00bb510&Prime; img_size=\u00a0\u00bbmedium\u00a0\u00bb alignment=\u00a0\u00bbcenter\u00a0\u00bb onclick=\u00a0\u00bbzoom\u00a0\u00bb][\/vc_column][\/vc_row]<\/p>\n<\/div>","protected":false},"excerpt":{"rendered":"<p>[vc_row][vc_column width=\u00a0\u00bb2\/3&Prime;][vc_column_text] INDUSTRIE La r\u00e9habilitation des \u00e9gouts en cours d&rsquo;exploitation est un d\u00e9fi majeur. Le remplacement des tuyaux en construction ouverte est souvent exclu en raison des longs temps d&rsquo;arr\u00eat et de la salet\u00e9 qui s&rsquo;accumule. Les chemisages de conduites se sont r\u00e9v\u00e9l\u00e9s particuli\u00e8rement efficaces lors de la r\u00e9habilitation. La remise \u00e0 neuf est g\u00e9n\u00e9ralement&hellip;<\/p>\n","protected":false},"author":1,"featured_media":0,"parent":0,"menu_order":0,"comment_status":"closed","ping_status":"closed","template":"","meta":{"footnotes":""},"class_list":["post-273","page","type-page","status-publish","hentry","description-off"],"_links":{"self":[{"href":"https:\/\/linetec.info\/fr\/wp-json\/wp\/v2\/pages\/273","targetHints":{"allow":["GET"]}}],"collection":[{"href":"https:\/\/linetec.info\/fr\/wp-json\/wp\/v2\/pages"}],"about":[{"href":"https:\/\/linetec.info\/fr\/wp-json\/wp\/v2\/types\/page"}],"author":[{"embeddable":true,"href":"https:\/\/linetec.info\/fr\/wp-json\/wp\/v2\/users\/1"}],"replies":[{"embeddable":true,"href":"https:\/\/linetec.info\/fr\/wp-json\/wp\/v2\/comments?post=273"}],"version-history":[{"count":14,"href":"https:\/\/linetec.info\/fr\/wp-json\/wp\/v2\/pages\/273\/revisions"}],"predecessor-version":[{"id":765,"href":"https:\/\/linetec.info\/fr\/wp-json\/wp\/v2\/pages\/273\/revisions\/765"}],"wp:attachment":[{"href":"https:\/\/linetec.info\/fr\/wp-json\/wp\/v2\/media?parent=273"}],"curies":[{"name":"wp","href":"https:\/\/api.w.org\/{rel}","templated":true}]}}