{"id":19,"date":"2018-04-17T10:08:59","date_gmt":"2018-04-17T10:08:59","guid":{"rendered":"https:\/\/linetec.info\/?page_id=19"},"modified":"2025-06-26T09:47:06","modified_gmt":"2025-06-26T09:47:06","slug":"produkte","status":"publish","type":"page","link":"https:\/\/linetec.info\/fr\/produkte\/","title":{"rendered":"PRODUITS"},"content":{"rendered":"<div class=\"wpb-content-wrapper\"><p>[vc_row][vc_column][vc_column_text][\/vc_column_text][\/vc_column][\/vc_row][vc_row css=\u00a0\u00bb.vc_custom_1525855744896{margin-top: 30px !important;}\u00a0\u00bb][vc_column width=\u00a0\u00bb2\/3&Prime; css=\u00a0\u00bb.vc_custom_1525684824106{margin-bottom: 30px !important;}\u00a0\u00bb][vc_column_text css=\u00a0\u00bb\u00a0\u00bb]<\/p>\n<h2>PRODUITS<\/h2>\n<p>Pour vous, en tant que professionnel de la r\u00e9habilitation, mais aussi en tant que donneur d&rsquo;ordre, la qualit\u00e9 des produits utilis\u00e9s joue un r\u00f4le important.<br \/>\nLa qualit\u00e9 des mat\u00e9riaux utilis\u00e9s est d\u00e9terminante pour le succ\u00e8s de la mesure de r\u00e9habilitation et pour que les conduites restent fonctionnelles et \u00e9tanches pendant des ann\u00e9es. En particulier dans la r\u00e9habilitation des \u00e9gouts, o\u00f9 le quota mat\u00e9riel de la mesure n&rsquo;est que de 20 \u00e0 30 %, il est peu judicieux d&rsquo;\u00e9conomiser sur le mat\u00e9riel au d\u00e9triment de la qualit\u00e9.<br \/>\nlineTEC est synonyme d&rsquo;une qualit\u00e9 exceptionnelle \u00e0 des prix raisonnables.<br \/>\nNos solutions d&rsquo;assainissement ne sont pas seulement approuv\u00e9es par le DIBt, mais sont \u00e9galement soumises \u00e0 un processus de gestion de la qualit\u00e9 &#8211; de la fibre jusqu&rsquo;au rev\u00eatement install\u00e9. En tant que producteur et fournisseur de syst\u00e8mes avec plus de 20 ans d&rsquo;exp\u00e9rience, nous offrons des solutions de r\u00e9habilitation perfectionn\u00e9es pour les conduites de descente, les conduites \u00e0 l&rsquo;int\u00e9rieur des b\u00e2timents, les conduites enterr\u00e9es et les \u00e9gouts principaux et industriels.<\/p>\n<p>Abgestimmt auf die unterschiedlichen Sanierungssituationen finden Sie in folgenden Bereichen weitere Infos zu unseren Produkten:<\/p>\n<p><a href=\"https:\/\/linetec.info\/inhouse-produkt\/\"><strong>InHouse<\/strong><\/a><\/p>\n<p><a href=\"https:\/\/linetec.info\/hausanschluss-produkte\/\"><strong>Hausanschluss<\/strong><\/a><\/p>\n<p>[\/vc_column_text][\/vc_column][vc_column width=\u00a0\u00bb1\/3&Prime; css=\u00a0\u00bb.vc_custom_1525855739898{margin-top: 30px !important;}\u00a0\u00bb]<div class=\"smile_icon_list_wrap ult_info_list_container ult-adjust-bottom-margin  \"><ul class=\"smile_icon_list left square with_bg\"><li class=\"icon_list_item\" style=\" font-size:90px;\"><div class=\"icon_list_icon\" data-animation=\"\" data-animation-delay=\"03\" style=\"font-size:30px;border-width:1px;border-style:none;background:#ffffff;color:#333333;border-color:#333333;\"><img decoding=\"async\" class=\"list-img-icon\" alt=\"IKT\" src=\"https:\/\/linetec.info\/wp-content\/uploads\/2018\/04\/RTEmagicC_linetec_proflex_liner_rgb.jpg.jpg\"\/><\/div><div class=\"icon_description\" id=\"Info-list-wrap-6522\" style=\"font-size:30px;\"><div class=\"icon_description_text ult-responsive\"  data-ultimate-target='#Info-list-wrap-6522 .icon_description_text'  data-responsive-json-new='{\"font-size\":\"desktop:13px;\",\"line-height\":\"desktop:18px;\"}'  style=\"\"><p><strong>IKT Warentest &#8211;\u00a0<\/strong><strong>Hausanschluss Liner<\/strong><\/p>\n<\/div><\/div><div class=\"icon_list_connector\"  style=\"border: none !important;\"><\/div><\/li><li class=\"icon_list_item\" style=\" font-size:90px;\"><div class=\"icon_list_icon\" data-animation=\"\" data-animation-delay=\"03\" style=\"font-size:30px;border-width:1px;border-style:none;background:#ffffff;color:#333333;border-color:#333333;\"><img decoding=\"async\" class=\"list-img-icon\" alt=\"DiBt\" src=\"https:\/\/linetec.info\/wp-content\/uploads\/2018\/04\/logo_dibt.jpg\"\/><\/div><div class=\"icon_description\" id=\"Info-list-wrap-2752\" style=\"font-size:30px;\"><div class=\"icon_description_text ult-responsive\"  data-ultimate-target='#Info-list-wrap-2752 .icon_description_text'  data-responsive-json-new='{\"font-size\":\"desktop:13px;\",\"line-height\":\"desktop:18px;\"}'  style=\"\"><p><strong>lineTEC Inhouse System DIBt Z-42.3-530<\/strong><\/p>\n<p><strong>lineTEC ProFlex DIBt Z-42.3-416<\/strong><\/p>\n<p><strong>lineTEC SP-Liner DIBt Z-42.3-434<\/strong><\/p>\n<\/div><\/div><div class=\"icon_list_connector\"  style=\"border: none !important;\"><\/div><\/li><\/ul><\/div>[\/vc_column][\/vc_row]<\/p>\n<\/div>","protected":false},"excerpt":{"rendered":"<p>[vc_row][vc_column][vc_column_text][\/vc_column_text][\/vc_column][\/vc_row][vc_row css=\u00a0\u00bb.vc_custom_1525855744896{margin-top: 30px !important;}\u00a0\u00bb][vc_column width=\u00a0\u00bb2\/3&Prime; css=\u00a0\u00bb.vc_custom_1525684824106{margin-bottom: 30px !important;}\u00a0\u00bb][vc_column_text css=\u00a0\u00bb\u00a0\u00bb] PRODUITS Pour vous, en tant que professionnel de la r\u00e9habilitation, mais aussi en tant que donneur d&rsquo;ordre, la qualit\u00e9 des produits utilis\u00e9s joue un r\u00f4le important. La qualit\u00e9 des mat\u00e9riaux utilis\u00e9s est d\u00e9terminante pour le succ\u00e8s de la mesure de r\u00e9habilitation et pour que les conduites&hellip;<\/p>\n","protected":false},"author":1,"featured_media":0,"parent":0,"menu_order":0,"comment_status":"closed","ping_status":"closed","template":"","meta":{"footnotes":""},"class_list":["post-19","page","type-page","status-publish","hentry","description-off"],"_links":{"self":[{"href":"https:\/\/linetec.info\/fr\/wp-json\/wp\/v2\/pages\/19","targetHints":{"allow":["GET"]}}],"collection":[{"href":"https:\/\/linetec.info\/fr\/wp-json\/wp\/v2\/pages"}],"about":[{"href":"https:\/\/linetec.info\/fr\/wp-json\/wp\/v2\/types\/page"}],"author":[{"embeddable":true,"href":"https:\/\/linetec.info\/fr\/wp-json\/wp\/v2\/users\/1"}],"replies":[{"embeddable":true,"href":"https:\/\/linetec.info\/fr\/wp-json\/wp\/v2\/comments?post=19"}],"version-history":[{"count":38,"href":"https:\/\/linetec.info\/fr\/wp-json\/wp\/v2\/pages\/19\/revisions"}],"predecessor-version":[{"id":2120,"href":"https:\/\/linetec.info\/fr\/wp-json\/wp\/v2\/pages\/19\/revisions\/2120"}],"wp:attachment":[{"href":"https:\/\/linetec.info\/fr\/wp-json\/wp\/v2\/media?parent=19"}],"curies":[{"name":"wp","href":"https:\/\/api.w.org\/{rel}","templated":true}]}}