{"id":17,"date":"2018-04-17T10:08:40","date_gmt":"2018-04-17T10:08:40","guid":{"rendered":"https:\/\/linetec.info\/?page_id=17"},"modified":"2026-03-24T12:46:24","modified_gmt":"2026-03-24T12:46:24","slug":"sanierung","status":"publish","type":"page","link":"https:\/\/linetec.info\/fr\/sanierung\/","title":{"rendered":"(Deutsch) Sanierungsl\u00f6sungen"},"content":{"rendered":"<div class=\"wpb-content-wrapper\"><p>[\/vc_column_text][\/vc_column][\/vc_row][vc_row][vc_column][vc_row_inner][vc_column_inner width=\u00a0\u00bb2\/3&Prime;][vc_column_text]<\/p>\n<h2>R\u00e9habilitation sans tranch\u00e9e avec le syst\u00e8me lineTEC<\/h2>\n<p>Qu&rsquo;il s&rsquo;agisse de b\u00e2timents r\u00e9sidentiels, d&rsquo;installations industrielles ou du secteur public, lineTEC propose des solutions de r\u00e9habilitation adapt\u00e9es et efficaces pour les conduites d\u00e9fectueuses.<\/p>\n<p><strong>Avantages:<\/strong><\/p>\n<ul>\n<li>Pas besoin d&rsquo;exposer les tuyaux<\/li>\n<li>Jusqu&rsquo;\u00e0 50% moins cher<\/li>\n<li>R\u00e9novation rapide sans bruit et sans salissure<\/li>\n<li>Dur\u00e9e de conservation &gt; 50 ans<\/li>\n<\/ul>\n<p>[\/vc_column_text][\/vc_column_inner][vc_column_inner width=\u00a0\u00bb1\/3&Prime;][vc_single_image image=\u00a0\u00bb499&Prime; img_size=\u00a0\u00bblarge\u00a0\u00bb alignment=\u00a0\u00bbcenter\u00a0\u00bb style=\u00a0\u00bbvc_box_rounded\u00a0\u00bb css=\u00a0\u00bb.vc_custom_1526639734773{margin-top: 30px !important;}\u00a0\u00bb image_hovers=\u00a0\u00bbfalse\u00a0\u00bb][\/vc_column_inner][\/vc_row_inner][\/vc_column][\/vc_row][vc_row][vc_column width=\u00a0\u00bb2\/3&Prime; css=\u00a0\u00bb.vc_custom_1525705301600{margin-bottom: 30px !important;}\u00a0\u00bb][vc_column_text]<\/p>\n<h3>Pourquoi r\u00e9habiliter?<\/h3>\n<p>De nombreuses conduites install\u00e9es ont depuis longtemps d\u00e9pass\u00e9 leur dur\u00e9e de service. M\u00eame si celles-ci semblent toujours fonctionnelles, une inspection par cam\u00e9ra montre souvent des dommages tels que des manchons qui fuient, des racines inv\u00e9t\u00e9r\u00e9es ou des fissures. Si des blocages fr\u00e9quents, de la ma\u00e7onnerie humide, des fissures ou un ensilage dans la plaque de base sont d\u00e9tect\u00e9s, cela indique que les conduites sont endommag\u00e9es. D\u00e9tect\u00e9s \u00e0 temps, les conduites qui fuient peuvent \u00eatre r\u00e9par\u00e9es rapidement et \u00e0 moindre co\u00fbt, \u00e9vitant ainsi de longs temps d&rsquo;arr\u00eat ou des co\u00fbts cons\u00e9quents \u00e9lev\u00e9s.[\/vc_column_text][\/vc_column][vc_column width=\u00a0\u00bb1\/3&Prime;][\/vc_column][\/vc_row][vc_row][vc_column width=\u00a0\u00bb1\/3&Prime;][vc_single_image image=\u00a0\u00bb207&Prime; img_size=\u00a0\u00bbmedium\u00a0\u00bb alignment=\u00a0\u00bbcenter\u00a0\u00bb style=\u00a0\u00bbvc_box_circle\u00a0\u00bb image_hovers=\u00a0\u00bbfalse\u00a0\u00bb][vc_column_text]<em>Les eaux us<\/em><em>\u00e9<\/em><em>es s&rsquo;<\/em><em>\u00e9<\/em><em>chappent par une fosse d<\/em><em>\u00e9<\/em><em>cal<\/em><em>\u00e9<\/em><em>e dans le sous-sol.<\/em><\/p>\n<p><em>\u00a0<\/em>[\/vc_column_text][\/vc_column][vc_column width=\u00a0\u00bb1\/3&Prime;][vc_single_image image=\u00a0\u00bb208&Prime; img_size=\u00a0\u00bbmedium\u00a0\u00bb alignment=\u00a0\u00bbcenter\u00a0\u00bb style=\u00a0\u00bbvc_box_circle\u00a0\u00bb image_hovers=\u00a0\u00bbfalse\u00a0\u00bb][vc_column_text]<em>Les eaux us\u00e9es s&rsquo;\u00e9chappent par une fissure dans la canalisation dans le sous-sol.<\/em>[\/vc_column_text][\/vc_column][vc_column width=\u00a0\u00bb1\/3&Prime;][vc_single_image image=\u00a0\u00bb209&Prime; img_size=\u00a0\u00bbmedium\u00a0\u00bb alignment=\u00a0\u00bbcenter\u00a0\u00bb style=\u00a0\u00bbvc_box_circle\u00a0\u00bb image_hovers=\u00a0\u00bbfalse\u00a0\u00bb][vc_column_text]<em>Les eaux us\u00e9es s&rsquo;accumulent dans la canalisation en raison de la croissance des racines.<\/em>[\/vc_column_text][\/vc_column][\/vc_row][vc_row][vc_column][vc_column_text][\/vc_column_text][\/vc_column][\/vc_row][vc_row][vc_column][vc_row_inner][vc_column_inner width=\u00a0\u00bb2\/3&Prime;][vc_column_text]<\/p>\n<h2>R\u00e9habilitation sans tranch\u00e9e avec le syst\u00e8me lineTEC<\/h2>\n<p>Qu&rsquo;il s&rsquo;agisse de b\u00e2timents r\u00e9sidentiels, d&rsquo;installations industrielles ou du secteur public, lineTEC propose des solutions de r\u00e9habilitation adapt\u00e9es et efficaces pour les conduites d\u00e9fectueuses.<\/p>\n<p><strong>Avantages:<\/strong><\/p>\n<ul>\n<li>Pas besoin d&rsquo;exposer les tuyaux<\/li>\n<li>Jusqu&rsquo;\u00e0 50% moins cher<\/li>\n<li>R\u00e9novation rapide sans bruit et sans salissure<\/li>\n<li>Dur\u00e9e de conservation &gt; 50 ans<\/li>\n<\/ul>\n<p>[\/vc_column_text][\/vc_column_inner][vc_column_inner width=\u00a0\u00bb1\/3&Prime;][vc_single_image image=\u00a0\u00bb499&Prime; img_size=\u00a0\u00bblarge\u00a0\u00bb alignment=\u00a0\u00bbcenter\u00a0\u00bb style=\u00a0\u00bbvc_box_rounded\u00a0\u00bb image_hovers=\u00a0\u00bbfalse\u00a0\u00bb css=\u00a0\u00bb.vc_custom_1526639734773{margin-top: 30px !important;}\u00a0\u00bb][\/vc_column_inner][\/vc_row_inner][\/vc_column][\/vc_row][vc_row][vc_column width=\u00a0\u00bb2\/3&Prime; css=\u00a0\u00bb.vc_custom_1525705301600{margin-bottom: 30px !important;}\u00a0\u00bb][vc_column_text]<\/p>\n<h3>Pourquoi r\u00e9habiliter?<\/h3>\n<p>De nombreuses conduites install\u00e9es ont depuis longtemps d\u00e9pass\u00e9 leur dur\u00e9e de service. M\u00eame si celles-ci semblent toujours fonctionnelles, une inspection par cam\u00e9ra montre souvent des dommages tels que des manchons qui fuient, des racines inv\u00e9t\u00e9r\u00e9es ou des fissures. Si des blocages fr\u00e9quents, de la ma\u00e7onnerie humide, des fissures ou un ensilage dans la plaque de base sont d\u00e9tect\u00e9s, cela indique que les conduites sont endommag\u00e9es. D\u00e9tect\u00e9s \u00e0 temps, les conduites qui fuient peuvent \u00eatre r\u00e9par\u00e9es rapidement et \u00e0 moindre co\u00fbt, \u00e9vitant ainsi de longs temps d&rsquo;arr\u00eat ou des co\u00fbts cons\u00e9quents \u00e9lev\u00e9s.[\/vc_column_text][\/vc_column][vc_column width=\u00a0\u00bb1\/3&Prime;][\/vc_column][\/vc_row][vc_row][vc_column width=\u00a0\u00bb1\/3&Prime;][vc_single_image image=\u00a0\u00bb207&Prime; img_size=\u00a0\u00bbmedium\u00a0\u00bb alignment=\u00a0\u00bbcenter\u00a0\u00bb style=\u00a0\u00bbvc_box_circle\u00a0\u00bb image_hovers=\u00a0\u00bbfalse\u00a0\u00bb][vc_column_text]<em>Les eaux us<\/em><em>\u00e9<\/em><em>es s&rsquo;<\/em><em>\u00e9<\/em><em>chappent par une fosse d<\/em><em>\u00e9<\/em><em>cal<\/em><em>\u00e9<\/em><em>e dans le sous-sol.<\/em><\/p>\n<p><em>\u00a0<\/em>[\/vc_column_text][\/vc_column][vc_column width=\u00a0\u00bb1\/3&Prime;][vc_single_image image=\u00a0\u00bb208&Prime; img_size=\u00a0\u00bbmedium\u00a0\u00bb alignment=\u00a0\u00bbcenter\u00a0\u00bb style=\u00a0\u00bbvc_box_circle\u00a0\u00bb image_hovers=\u00a0\u00bbfalse\u00a0\u00bb][vc_column_text]<em>Les eaux us\u00e9es s&rsquo;\u00e9chappent par une fissure dans la canalisation dans le sous-sol.<\/em>[\/vc_column_text][\/vc_column][vc_column width=\u00a0\u00bb1\/3&Prime;][vc_single_image image=\u00a0\u00bb209&Prime; img_size=\u00a0\u00bbmedium\u00a0\u00bb alignment=\u00a0\u00bbcenter\u00a0\u00bb style=\u00a0\u00bbvc_box_circle\u00a0\u00bb image_hovers=\u00a0\u00bbfalse\u00a0\u00bb][vc_column_text]<em>Les eaux us\u00e9es s&rsquo;accumulent dans la canalisation en raison de la croissance des racines.<\/em>[\/vc_column_text][\/vc_column][\/vc_row][\/vc_column_text][\/vc_column][\/vc_row][vc_row][vc_column][vc_row_inner][vc_column_inner width=\u00a0\u00bb2\/3&Prime;][vc_column_text]<\/p>\n<h2>R\u00e9habilitation sans tranch\u00e9e avec le syst\u00e8me lineTEC<\/h2>\n<p>Qu&rsquo;il s&rsquo;agisse de b\u00e2timents r\u00e9sidentiels, d&rsquo;installations industrielles ou du secteur public, lineTEC propose des solutions de r\u00e9habilitation adapt\u00e9es et efficaces pour les conduites d\u00e9fectueuses.<\/p>\n<p><strong>Avantages:<\/strong><\/p>\n<ul>\n<li>Pas besoin d&rsquo;exposer les tuyaux<\/li>\n<li>Jusqu&rsquo;\u00e0 50% moins cher<\/li>\n<li>R\u00e9novation rapide sans bruit et sans salissure<\/li>\n<li>Dur\u00e9e de conservation &gt; 50 ans<\/li>\n<\/ul>\n<p>[\/vc_column_text][\/vc_column_inner][vc_column_inner width=\u00a0\u00bb1\/3&Prime;][vc_single_image image=\u00a0\u00bb499&Prime; img_size=\u00a0\u00bblarge\u00a0\u00bb alignment=\u00a0\u00bbcenter\u00a0\u00bb style=\u00a0\u00bbvc_box_rounded\u00a0\u00bb css=\u00a0\u00bb.vc_custom_1526639734773{margin-top: 30px !important;}\u00a0\u00bb image_hovers=\u00a0\u00bbfalse\u00a0\u00bb][\/vc_column_inner][\/vc_row_inner][\/vc_column][\/vc_row][vc_row][vc_column width=\u00a0\u00bb2\/3&Prime; css=\u00a0\u00bb.vc_custom_1525705301600{margin-bottom: 30px !important;}\u00a0\u00bb][vc_column_text]<\/p>\n<h3>Pourquoi r\u00e9habiliter?<\/h3>\n<p>De nombreuses conduites install\u00e9es ont depuis longtemps d\u00e9pass\u00e9 leur dur\u00e9e de service. M\u00eame si celles-ci semblent toujours fonctionnelles, une inspection par cam\u00e9ra montre souvent des dommages tels que des manchons qui fuient, des racines inv\u00e9t\u00e9r\u00e9es ou des fissures. Si des blocages fr\u00e9quents, de la ma\u00e7onnerie humide, des fissures ou un ensilage dans la plaque de base sont d\u00e9tect\u00e9s, cela indique que les conduites sont endommag\u00e9es. D\u00e9tect\u00e9s \u00e0 temps, les conduites qui fuient peuvent \u00eatre r\u00e9par\u00e9es rapidement et \u00e0 moindre co\u00fbt, \u00e9vitant ainsi de longs temps d&rsquo;arr\u00eat ou des co\u00fbts cons\u00e9quents \u00e9lev\u00e9s.[\/vc_column_text][\/vc_column][vc_column width=\u00a0\u00bb1\/3&Prime;][\/vc_column][\/vc_row][vc_row][vc_column width=\u00a0\u00bb1\/3&Prime;][vc_single_image image=\u00a0\u00bb207&Prime; img_size=\u00a0\u00bbmedium\u00a0\u00bb alignment=\u00a0\u00bbcenter\u00a0\u00bb style=\u00a0\u00bbvc_box_circle\u00a0\u00bb image_hovers=\u00a0\u00bbfalse\u00a0\u00bb][vc_column_text]<em>Les eaux us<\/em><em>\u00e9<\/em><em>es s&rsquo;<\/em><em>\u00e9<\/em><em>chappent par une fosse d<\/em><em>\u00e9<\/em><em>cal<\/em><em>\u00e9<\/em><em>e dans le sous-sol.<\/em><\/p>\n<p><em>\u00a0<\/em>[\/vc_column_text][\/vc_column][vc_column width=\u00a0\u00bb1\/3&Prime;][vc_single_image image=\u00a0\u00bb208&Prime; img_size=\u00a0\u00bbmedium\u00a0\u00bb alignment=\u00a0\u00bbcenter\u00a0\u00bb style=\u00a0\u00bbvc_box_circle\u00a0\u00bb image_hovers=\u00a0\u00bbfalse\u00a0\u00bb][vc_column_text]<em>Les eaux us\u00e9es s&rsquo;\u00e9chappent par une fissure dans la canalisation dans le sous-sol.<\/em>[\/vc_column_text][\/vc_column][vc_column width=\u00a0\u00bb1\/3&Prime;][vc_single_image image=\u00a0\u00bb209&Prime; img_size=\u00a0\u00bbmedium\u00a0\u00bb alignment=\u00a0\u00bbcenter\u00a0\u00bb style=\u00a0\u00bbvc_box_circle\u00a0\u00bb image_hovers=\u00a0\u00bbfalse\u00a0\u00bb][vc_column_text]<em>Les eaux us\u00e9es s&rsquo;accumulent dans la canalisation en raison de la croissance des racines.<\/em>[\/vc_column_text][\/vc_column][\/vc_row][vc_row][vc_column][vc_column_text][\/vc_column_text][\/vc_column][\/vc_row][vc_row][vc_column][vc_row_inner][vc_column_inner width=\u00a0\u00bb2\/3&Prime;][vc_column_text]<\/p>\n<h2>R\u00e9habilitation sans tranch\u00e9e avec le syst\u00e8me lineTEC<\/h2>\n<p>Qu&rsquo;il s&rsquo;agisse de b\u00e2timents r\u00e9sidentiels, d&rsquo;installations industrielles ou du secteur public, lineTEC propose des solutions de r\u00e9habilitation adapt\u00e9es et efficaces pour les conduites d\u00e9fectueuses.<\/p>\n<p><strong>Avantages:<\/strong><\/p>\n<ul>\n<li>Pas besoin d&rsquo;exposer les tuyaux<\/li>\n<li>Jusqu&rsquo;\u00e0 50% moins cher<\/li>\n<li>R\u00e9novation rapide sans bruit et sans salissure<\/li>\n<li>Dur\u00e9e de conservation &gt; 50 ans<\/li>\n<\/ul>\n<p>[\/vc_column_text][\/vc_column_inner][vc_column_inner width=\u00a0\u00bb1\/3&Prime;][vc_single_image image=\u00a0\u00bb499&Prime; img_size=\u00a0\u00bblarge\u00a0\u00bb alignment=\u00a0\u00bbcenter\u00a0\u00bb style=\u00a0\u00bbvc_box_rounded\u00a0\u00bb image_hovers=\u00a0\u00bbfalse\u00a0\u00bb css=\u00a0\u00bb.vc_custom_1526639734773{margin-top: 30px !important;}\u00a0\u00bb][\/vc_column_inner][\/vc_row_inner][\/vc_column][\/vc_row][vc_row][vc_column width=\u00a0\u00bb2\/3&Prime; css=\u00a0\u00bb.vc_custom_1525705301600{margin-bottom: 30px !important;}\u00a0\u00bb][vc_column_text]<\/p>\n<h3>Pourquoi r\u00e9habiliter?<\/h3>\n<p>De nombreuses conduites install\u00e9es ont depuis longtemps d\u00e9pass\u00e9 leur dur\u00e9e de service. M\u00eame si celles-ci semblent toujours fonctionnelles, une inspection par cam\u00e9ra montre souvent des dommages tels que des manchons qui fuient, des racines inv\u00e9t\u00e9r\u00e9es ou des fissures. Si des blocages fr\u00e9quents, de la ma\u00e7onnerie humide, des fissures ou un ensilage dans la plaque de base sont d\u00e9tect\u00e9s, cela indique que les conduites sont endommag\u00e9es. D\u00e9tect\u00e9s \u00e0 temps, les conduites qui fuient peuvent \u00eatre r\u00e9par\u00e9es rapidement et \u00e0 moindre co\u00fbt, \u00e9vitant ainsi de longs temps d&rsquo;arr\u00eat ou des co\u00fbts cons\u00e9quents \u00e9lev\u00e9s.[\/vc_column_text][\/vc_column][vc_column width=\u00a0\u00bb1\/3&Prime;][\/vc_column][\/vc_row][vc_row][vc_column width=\u00a0\u00bb1\/3&Prime;][vc_single_image image=\u00a0\u00bb207&Prime; img_size=\u00a0\u00bbmedium\u00a0\u00bb alignment=\u00a0\u00bbcenter\u00a0\u00bb style=\u00a0\u00bbvc_box_circle\u00a0\u00bb image_hovers=\u00a0\u00bbfalse\u00a0\u00bb][vc_column_text]<em>Les eaux us<\/em><em>\u00e9<\/em><em>es s&rsquo;<\/em><em>\u00e9<\/em><em>chappent par une fosse d<\/em><em>\u00e9<\/em><em>cal<\/em><em>\u00e9<\/em><em>e dans le sous-sol.<\/em><\/p>\n<p><em>\u00a0<\/em>[\/vc_column_text][\/vc_column][vc_column width=\u00a0\u00bb1\/3&Prime;][vc_single_image image=\u00a0\u00bb208&Prime; img_size=\u00a0\u00bbmedium\u00a0\u00bb alignment=\u00a0\u00bbcenter\u00a0\u00bb style=\u00a0\u00bbvc_box_circle\u00a0\u00bb image_hovers=\u00a0\u00bbfalse\u00a0\u00bb][vc_column_text]<em>Les eaux us\u00e9es s&rsquo;\u00e9chappent par une fissure dans la canalisation dans le sous-sol.<\/em>[\/vc_column_text][\/vc_column][vc_column width=\u00a0\u00bb1\/3&Prime;][vc_single_image image=\u00a0\u00bb209&Prime; img_size=\u00a0\u00bbmedium\u00a0\u00bb alignment=\u00a0\u00bbcenter\u00a0\u00bb style=\u00a0\u00bbvc_box_circle\u00a0\u00bb image_hovers=\u00a0\u00bbfalse\u00a0\u00bb][vc_column_text]<em>Les eaux us\u00e9es s&rsquo;accumulent dans la canalisation en raison de la croissance des racines.<\/em>[\/vc_column_text][\/vc_column][\/vc_row]<\/p>\n<\/div>","protected":false},"excerpt":{"rendered":"<p>[\/vc_column_text][\/vc_column][\/vc_row][vc_row][vc_column][vc_row_inner][vc_column_inner width=\u00a0\u00bb2\/3&Prime;][vc_column_text] R\u00e9habilitation sans tranch\u00e9e avec le syst\u00e8me lineTEC Qu&rsquo;il s&rsquo;agisse de b\u00e2timents r\u00e9sidentiels, d&rsquo;installations industrielles ou du secteur public, lineTEC propose des solutions de r\u00e9habilitation adapt\u00e9es et efficaces pour les conduites d\u00e9fectueuses. Avantages: Pas besoin d&rsquo;exposer les tuyaux Jusqu&rsquo;\u00e0 50% moins cher R\u00e9novation rapide sans bruit et sans salissure Dur\u00e9e de conservation &gt; 50&hellip;<\/p>\n","protected":false},"author":1,"featured_media":0,"parent":0,"menu_order":0,"comment_status":"closed","ping_status":"closed","template":"","meta":{"footnotes":""},"class_list":["post-17","page","type-page","status-publish","hentry","description-off"],"_links":{"self":[{"href":"https:\/\/linetec.info\/fr\/wp-json\/wp\/v2\/pages\/17","targetHints":{"allow":["GET"]}}],"collection":[{"href":"https:\/\/linetec.info\/fr\/wp-json\/wp\/v2\/pages"}],"about":[{"href":"https:\/\/linetec.info\/fr\/wp-json\/wp\/v2\/types\/page"}],"author":[{"embeddable":true,"href":"https:\/\/linetec.info\/fr\/wp-json\/wp\/v2\/users\/1"}],"replies":[{"embeddable":true,"href":"https:\/\/linetec.info\/fr\/wp-json\/wp\/v2\/comments?post=17"}],"version-history":[{"count":39,"href":"https:\/\/linetec.info\/fr\/wp-json\/wp\/v2\/pages\/17\/revisions"}],"predecessor-version":[{"id":2167,"href":"https:\/\/linetec.info\/fr\/wp-json\/wp\/v2\/pages\/17\/revisions\/2167"}],"wp:attachment":[{"href":"https:\/\/linetec.info\/fr\/wp-json\/wp\/v2\/media?parent=17"}],"curies":[{"name":"wp","href":"https:\/\/api.w.org\/{rel}","templated":true}]}}