{"id":1303,"date":"2020-09-29T12:44:04","date_gmt":"2020-09-29T12:44:04","guid":{"rendered":"https:\/\/linetec.info\/?page_id=1303"},"modified":"2025-06-26T09:41:03","modified_gmt":"2025-06-26T09:41:03","slug":"inhouse-produkt","status":"publish","type":"page","link":"https:\/\/linetec.info\/fr\/inhouse-produkt\/","title":{"rendered":"InHouse"},"content":{"rendered":"<div class=\"wpb-content-wrapper\"><p>[vc_row][vc_column][vc_column_text][\/vc_column_text][\/vc_column][\/vc_row][vc_row][vc_column width=\u00a0\u00bb2\/3&Prime;][vc_column_text css=\u00a0\u00bb\u00a0\u00bb]<\/p>\n<h2>lineTEC InHouse &#8211; R\u00e9novation<br \/>\nDN 50-200<\/h2>\n<p>Des exigences particuli\u00e8res s&rsquo;appliquent \u00e0 la r\u00e9novation de conduites d\u00e9fectueuses \u00e0 l&rsquo;int\u00e9rieur des b\u00e2timents. Par exemple, le rev\u00eatement durci doit r\u00e9sister \u00e0 une temp\u00e9rature de d\u00e9formation thermique (HDT) de \u2265 93 \u00b0C selon la norme DIN 75-2 et satisfaire \u00e0 la classe de mat\u00e9riaux de construction B2 selon la norme DIN 4102 pour la protection contre l&rsquo;incendie.<\/p>\n<p>lineTEC propose une gamme de gaines et de r\u00e9sines pour la r\u00e9habilitation interne pour des diam\u00e8tres nominaux allant de DN 50 \u00e0 DN 200, des coudes jusqu&rsquo;\u00e0 90\u00b0 et des diam\u00e8tres variables.<\/p>\n<p>Ces gaines et r\u00e9sines r\u00e9pondent \u00e0 toutes les exigences ont pass\u00e9 avec succ\u00e8s le test de choc thermique avec plus de 1000 cycles.<\/p>\n<p>[\/vc_column_text][\/vc_column][vc_column width=\u00a0\u00bb1\/3&Prime;][vc_single_image image=\u00a0\u00bb504&Prime; img_size=\u00a0\u00bbmedium\u00a0\u00bb onclick=\u00a0\u00bbzoom\u00a0\u00bb css_animation=\u00a0\u00bbnone\u00a0\u00bb][\/vc_column][\/vc_row][vc_row][vc_column][vc_tta_tabs][vc_tta_section title=\u00a0\u00bblineTEC Flex\u00a0\u00bb tab_id=\u00a0\u00bb1588855144030-1ac0013b-ac1e6f14-27d4&Prime;][vc_row_inner][vc_column_inner width=\u00a0\u00bb2\/3&Prime;][vc_column_text]<\/p>\n<h4>lineTEC Flex<\/h4>\n<p><strong>Le chemisage tr\u00e8s flexible pour la r\u00e9habilitation \u00e0 l\u2019int\u00e9rieur de la maison<\/strong><\/p>\n<p>\u2022 Support en polyester Knittex tr\u00e8s flexible avec rev\u00eatement PUR<br \/>\n\u2022 Disponible dans les tailles nominales DN 50 &#8211; DN 200<br \/>\n\u2022 jusqu&rsquo;\u00e0 <strong>90\u00b0 de flexion<\/strong><br \/>\n\u2022 jusqu&rsquo;\u00e0 <strong>2 modifications dimensionnelles<\/strong> possibles<br \/>\n\u2022 Epaisseur de paroi en feutre env. 3,5 mm<br \/>\n\u2022 Polym\u00e9risation \u00e0 l&rsquo;eau chaude (jusqu&rsquo;\u00e0 70\u00b0C) et \u00e0 la vapeur*.<\/p>\n<p><em>*avec un tuyau de calibrage appropri\u00e9.<\/em>[\/vc_column_text][\/vc_column_inner][vc_column_inner width=\u00a0\u00bb1\/3&Prime;][vc_single_image image=\u00a0\u00bb1177&Prime; img_size=\u00a0\u00bbmedium\u00a0\u00bb][\/vc_column_inner][\/vc_row_inner][\/vc_tta_section][vc_tta_section title=\u00a0\u00bblineTEC ProFlex\u00a0\u00bb tab_id=\u00a0\u00bb1588855144143-335b8de8-11626f14-27d4&Prime;][vc_row_inner][vc_column_inner width=\u00a0\u00bb2\/3&Prime;][vc_column_text]<\/p>\n<h4>lineTEC ProFlex<\/h4>\n<p><strong>Le Liner pour la r\u00e9habilitation \u00e0 l&rsquo;int\u00e9rieur de la maison et le raccordement de celle-ci<\/strong><\/p>\n<p>\u2022 Support flexible en Hightex-Polyester-avec rev\u00eatement PUR.<br \/>\n\u2022 Disponible dans les tailles nominales DN 70 &#8211; DN 250<br \/>\n\u2022 jusqu&rsquo;\u00e0<strong> 90\u00b0 de flexion<\/strong><br \/>\n\u2022 jusqu&rsquo;\u00e0<strong> 2 modifications dimensionnelles<\/strong> possibles<br \/>\n\u2022 L\u2019extension longitudinal tr\u00e8s bien ma\u00eetrisable<br \/>\n\u2022 Epaisseur de paroi en feutre 4,5 mm \/ 6 mm (ProFlex XT)<br \/>\n\u2022 Polym\u00e9risation \u00e0 l&rsquo;eau chaude (jusqu&rsquo;\u00e0 70\u00b0C) et \u00e0 la vapeur*<\/p>\n<p>*avec un tuyau de calibrage appropri\u00e9.[\/vc_column_text][\/vc_column_inner][vc_column_inner width=\u00a0\u00bb1\/3&Prime;][vc_single_image image=\u00a0\u00bb1180&Prime; img_size=\u00a0\u00bbmedium\u00a0\u00bb][\/vc_column_inner][\/vc_row_inner]<div class=\"aio-icon-component    style_1\"><div id=\"Info-box-wrap-4389\" class=\"aio-icon-box left-icon\" style=\"\"  ><div class=\"aio-icon-left\"><div class=\"ult-just-icon-wrapper  \"><div class=\"align-icon\" style=\"text-align:center;\">\n<div class=\"aio-icon-img \" style=\"font-size:100px;display:inline-block;\" >\n\t<img decoding=\"async\" class=\"img-icon\" alt=\"null\" src=\"https:\/\/linetec.info\/wp-content\/uploads\/2018\/04\/logo_dibt.jpg\"\/>\n<\/div><\/div><\/div><\/div><div class=\"aio-ibd-block\"><div class=\"aio-icon-description ult-responsive\"  data-ultimate-target='#Info-box-wrap-4389 .aio-icon-description'  data-responsive-json-new='{\"font-size\":\"\",\"line-height\":\"\"}'  style=\"\"><em>lineTEC ProFlex DIBt Z-42.3-416<\/em><\/div> <!-- description --><\/div> <!-- aio-ibd-block --><\/div> <!-- aio-icon-box --><\/div> <!-- aio-icon-component --><div class=\"aio-icon-component    style_1\"><div id=\"Info-box-wrap-2940\" class=\"aio-icon-box left-icon\" style=\"\"  ><div class=\"aio-icon-left\"><div class=\"ult-just-icon-wrapper  \"><div class=\"align-icon\" style=\"text-align:center;\">\n<div class=\"aio-icon-img \" style=\"font-size:100px;display:inline-block;\" >\n\t<img decoding=\"async\" class=\"img-icon\" alt=\"null\" src=\"https:\/\/linetec.info\/wp-content\/uploads\/2018\/04\/RTEmagicC_linetec_proflex_liner_rgb.jpg.jpg\"\/>\n<\/div><\/div><\/div><\/div><div class=\"aio-ibd-block\"><div class=\"aio-icon-description ult-responsive\"  data-ultimate-target='#Info-box-wrap-2940 .aio-icon-description'  data-responsive-json-new='{\"font-size\":\"\",\"line-height\":\"\"}'  style=\"\"><em>\u00a0<\/em><\/div> <!-- description --><\/div> <!-- aio-ibd-block --><\/div> <!-- aio-icon-box --><\/div> <!-- aio-icon-component -->[\/vc_tta_section][vc_tta_section title=\u00a0\u00bbR\u00e9sine\u00a0\u00bb tab_id=\u00a0\u00bb1588855272648-8885b9a4-58df6f14-27d4&Prime;][vc_row_inner][vc_column_inner width=\u00a0\u00bb2\/3&Prime;][vc_column_text]<\/p>\n<h4>lineTEC EP 70 resin + agent durcisseur 70 HT<\/h4>\n<p>Application : R\u00e9novation \u00e0 l\u2019int\u00e9rieur du batiment et raccordement du terrain au r\u00e9seau d\u2019assainissement d\u2019eaux us\u00e9es \u00e0 temp\u00e9rature \u00e9lev\u00e9e<br \/>\nDIBt: Z-42. 3-530<br \/>\nRapport de m\u00e9lange : 100\/20<br \/>\nD\u00e9lai de traitement : 55 Min (15\u00b0C)<br \/>\nTemps de polym\u00e9risation : 20\u00b0 27 h \/ 55\u00b0 150 min. \/ 70\u00b0 50 min.*<br \/>\nStabilit\u00e9 dimensionnelle jusqu\u2018\u00e0: 93,5\u00b0C<\/p>\n<p><em>* Veuillez respecter les dur\u00e9es de polym\u00e9risation indiqu\u00e9es dans le manuel d&rsquo;installation lors de l&rsquo;installation du liner<\/em>.[\/vc_column_text][\/vc_column_inner][vc_column_inner width=\u00a0\u00bb1\/3&Prime;][vc_single_image image=\u00a0\u00bb1208&Prime; img_size=\u00a0\u00bbmedium\u00a0\u00bb][\/vc_column_inner][\/vc_row_inner][\/vc_tta_section][vc_tta_section title=\u00a0\u00bbCalibrage\u00a0\u00bb tab_id=\u00a0\u00bb1600937948633-4bc6db50-3b6e6f14-27d4&Prime;][vc_row_inner][vc_column_inner width=\u00a0\u00bb2\/3&Prime;][vc_column_text]<\/p>\n<h4>lineTEC gaine de calibrage violet<\/h4>\n<p><strong>Pour les coudes et les changements de dimensions*<\/strong><\/p>\n<ul>\n<li>DN 50 \u2013 DN 200<\/li>\n<li>Tissu extra flexible en nylon au rev\u00eatement PVC, soud\u00e9, r\u00e9sistance thermique jusqu\u2018\u00e0 50\u00b0C<\/li>\n<li>Pression de montage jusqu\u2018\u00e0 0,5 bar<\/li>\n<\/ul>\n<p><em>* Utilisez la gaine de calibrage de diam\u00e8tre correspondant au plus grand diam\u00e8tre nominal de la conduite<\/em>.[\/vc_column_text][\/vc_column_inner][vc_column_inner width=\u00a0\u00bb1\/3&Prime;][vc_empty_space][vc_single_image image=\u00a0\u00bb1214&Prime; onclick=\u00a0\u00bbimg_link_large\u00a0\u00bb][\/vc_column_inner][\/vc_row_inner][vc_empty_space][vc_separator][vc_row_inner][vc_column_inner width=\u00a0\u00bb2\/3&Prime;][vc_column_text]<\/p>\n<h4>lineTEC gaine de calibrage bleu claire<\/h4>\n<p><strong>Pour les coudes et les changements de dimensions *<\/strong><\/p>\n<p>\u2022 DN 100 \u2013 DN 200<br \/>\n\u2022 Tissu flexible en nylon au rev\u00eatement PVC, soud\u00e9<br \/>\n\u2022 R\u00e9sistance thermique jusqu\u2018\u00e0 50\u00b0C, Pression de montage jusqu\u2018\u00e0 0,5 bar<\/p>\n<p><em>* Utilisez la gaine de calibrage de diam\u00e8tre correspondant au plus grand diam\u00e8tre nominal de la conduite.<\/em>[\/vc_column_text][\/vc_column_inner][vc_column_inner width=\u00a0\u00bb1\/3&Prime;][vc_empty_space][vc_single_image image=\u00a0\u00bb1212&Prime;][\/vc_column_inner][\/vc_row_inner][vc_empty_space][vc_separator][vc_row_inner][vc_column_inner width=\u00a0\u00bb2\/3&Prime;][vc_column_text]<\/p>\n<h4>lineTEC gaine de calibrage orange<\/h4>\n<p><strong>Pour temp\u00e9ratures plus \u00e9lev\u00e9es<\/strong><\/p>\n<p>\u2022 DN 100 \u2013 DN 250<br \/>\n\u2022 Tissu en nylon au rev\u00eatement PVC<br \/>\n\u2022 soud\u00e9 et cousu<br \/>\n\u2022 R\u00e9sistance thermique jusqu\u2018\u00e0 70\u00b0C, Pression de montage jusqu\u2018\u00e0 1 bar<\/p>\n<p>[\/vc_column_text][\/vc_column_inner][vc_column_inner width=\u00a0\u00bb1\/3&Prime;][vc_empty_space][vc_single_image image=\u00a0\u00bb1215&Prime;][\/vc_column_inner][\/vc_row_inner][\/vc_tta_section][vc_tta_section title=\u00a0\u00bbAccessoires\u00a0\u00bb tab_id=\u00a0\u00bb1600941793609-96d9ea4e-2db26f14-27d4&Prime;][vc_row_inner][vc_column_inner width=\u00a0\u00bb2\/3&Prime;][vc_column_text]<\/p>\n<h4>lineTEC Preliner HDPE<\/h4>\n<h4>Contre l&rsquo;infiltration d&rsquo;eau souterraine<\/h4>\n<p>\u2022 DN 100 \u2013 600<br \/>\n\u2022 HDPE Film 0,1 mm<br \/>\n\u2022 R\u00e9sistance thermique jusqu\u2018\u00e0 80\u00b0C[\/vc_column_text][\/vc_column_inner][vc_column_inner width=\u00a0\u00bb1\/3&Prime;][vc_single_image image=\u00a0\u00bb1216&Prime;][\/vc_column_inner][\/vc_row_inner][vc_empty_space][vc_separator][vc_row_inner][vc_column_inner width=\u00a0\u00bb2\/3&Prime;][vc_column_text]<\/p>\n<h4>lineTEC St\u00fctzkappe wei\u00df<\/h4>\n<p><strong>\u00a0<\/strong>[\/vc_column_text][\/vc_column_inner][vc_column_inner width=\u00a0\u00bb1\/3&Prime;][\/vc_column_inner][\/vc_row_inner][\/vc_tta_section][\/vc_tta_tabs][\/vc_column][\/vc_row]<\/p>\n<\/div>","protected":false},"excerpt":{"rendered":"<p>[vc_row][vc_column][vc_column_text][\/vc_column_text][\/vc_column][\/vc_row][vc_row][vc_column width=\u00a0\u00bb2\/3&Prime;][vc_column_text css=\u00a0\u00bb\u00a0\u00bb] lineTEC InHouse &#8211; R\u00e9novation DN 50-200 Des exigences particuli\u00e8res s&rsquo;appliquent \u00e0 la r\u00e9novation de conduites d\u00e9fectueuses \u00e0 l&rsquo;int\u00e9rieur des b\u00e2timents. Par exemple, le rev\u00eatement durci doit r\u00e9sister \u00e0 une temp\u00e9rature de d\u00e9formation thermique (HDT) de \u2265 93 \u00b0C selon la norme DIN 75-2 et satisfaire \u00e0 la classe de mat\u00e9riaux de construction&hellip;<\/p>\n","protected":false},"author":1,"featured_media":0,"parent":0,"menu_order":0,"comment_status":"closed","ping_status":"closed","template":"","meta":{"footnotes":""},"class_list":["post-1303","page","type-page","status-publish","hentry","description-off"],"_links":{"self":[{"href":"https:\/\/linetec.info\/fr\/wp-json\/wp\/v2\/pages\/1303","targetHints":{"allow":["GET"]}}],"collection":[{"href":"https:\/\/linetec.info\/fr\/wp-json\/wp\/v2\/pages"}],"about":[{"href":"https:\/\/linetec.info\/fr\/wp-json\/wp\/v2\/types\/page"}],"author":[{"embeddable":true,"href":"https:\/\/linetec.info\/fr\/wp-json\/wp\/v2\/users\/1"}],"replies":[{"embeddable":true,"href":"https:\/\/linetec.info\/fr\/wp-json\/wp\/v2\/comments?post=1303"}],"version-history":[{"count":41,"href":"https:\/\/linetec.info\/fr\/wp-json\/wp\/v2\/pages\/1303\/revisions"}],"predecessor-version":[{"id":2117,"href":"https:\/\/linetec.info\/fr\/wp-json\/wp\/v2\/pages\/1303\/revisions\/2117"}],"wp:attachment":[{"href":"https:\/\/linetec.info\/fr\/wp-json\/wp\/v2\/media?parent=1303"}],"curies":[{"name":"wp","href":"https:\/\/api.w.org\/{rel}","templated":true}]}}