{"id":10,"date":"2018-04-17T09:43:19","date_gmt":"2018-04-17T09:43:19","guid":{"rendered":"https:\/\/linetec.info\/?page_id=10"},"modified":"2026-02-23T13:04:30","modified_gmt":"2026-02-23T13:04:30","slug":"home","status":"publish","type":"page","link":"https:\/\/linetec.info\/fr\/","title":{"rendered":"page d&rsquo;accueil"},"content":{"rendered":"<div class=\"wpb-content-wrapper\"><p>[vc_row css=\u00a0\u00bb.vc_custom_1525680693210{background-position: center !important;background-repeat: no-repeat !important;background-size: cover !important;}\u00a0\u00bb][vc_column width=\u00a0\u00bb2\/3&Prime; css=\u00a0\u00bb.vc_custom_1525680736490{margin-bottom: 30px !important;}\u00a0\u00bb][vc_column_text]<\/p>\n<h2>R\u00c9NOVATION D&rsquo;\u00c9GOUT AVEC SYST\u00c8ME<\/h2>\n<p>Sous la marque lineTEC, Vereinigte Filzfabriken AG (VFG) propose des syst\u00e8mes de chemisage certifi\u00e9s pour la r\u00e9habilitation de conduites d\u00e9fectueuses. Les syst\u00e8mes de r\u00e9habilitation lineTEC sont constitu\u00e9s de chemisages de conduites sp\u00e9cialement d\u00e9velopp\u00e9s pour les diff\u00e9rents domaines d&rsquo;application et de r\u00e9sines adapt\u00e9es avec pr\u00e9cision.<br \/>\nPlus de 20 ans d&rsquo;exp\u00e9rience font de nous un producteur puissant, un fournisseur de syst\u00e8mes fiables et un partenaire comp\u00e9tent.<br \/>\n[\/vc_column_text][\/vc_column][vc_column width=\u00a0\u00bb1\/3&Prime; css=\u00a0\u00bb.vc_custom_1523976644691{margin-top: 20px !important;}\u00a0\u00bb][vc_row_inner][vc_column_inner width=\u00a0\u00bb1\/3&Prime;]<div class=\"aio-icon-component    style_2\"><a class=\"aio-icon-box-link\" href=\"https:\/\/linetec.info\/fr\/produkte\/\" ><div id=\"Info-box-wrap-7173\" class=\"aio-icon-box top-icon\" style=\"\"  ><div class=\"aio-icon-top\"><div class=\"ult-just-icon-wrapper  \"><div class=\"align-icon\" style=\"text-align:center;\">\n<div class=\"aio-icon none \"  style=\"color:#009ed4;font-size:60px;display:inline-block;\">\n\t<i class=\"Defaults-wrench\"><\/i>\n<\/div><\/div><\/div><\/div><div class=\"aio-icon-header\" ><h5 class=\"aio-icon-title ult-responsive\"  data-ultimate-target='#Info-box-wrap-7173 .aio-icon-title'  data-responsive-json-new='{\"font-size\":\"desktop:15px;\",\"line-height\":\"\"}'  style=\"\">R\u00e9novateurs<\/h5><\/div> <!-- header --><\/div> <!-- aio-icon-box --><\/a><\/div> <!-- aio-icon-component -->[\/vc_column_inner][vc_column_inner width=\u00a0\u00bb1\/3&Prime;]<div class=\"aio-icon-component    style_2\"><a class=\"aio-icon-box-link\" href=\"https:\/\/linetec.info\/fr\/sanierung\/\" ><div id=\"Info-box-wrap-1217\" class=\"aio-icon-box top-icon\" style=\"\"  ><div class=\"aio-icon-top\"><div class=\"ult-just-icon-wrapper  \"><div class=\"align-icon\" style=\"text-align:center;\">\n<div class=\"aio-icon none \"  style=\"color:#009ed4;font-size:60px;display:inline-block;\">\n\t<i class=\"Defaults-home\"><\/i>\n<\/div><\/div><\/div><\/div><div class=\"aio-icon-header\" ><h5 class=\"aio-icon-title ult-responsive\"  data-ultimate-target='#Info-box-wrap-1217 .aio-icon-title'  data-responsive-json-new='{\"font-size\":\"desktop:15px;\",\"line-height\":\"\"}'  style=\"\">Propri\u00e9taires<\/h5><\/div> <!-- header --><\/div> <!-- aio-icon-box --><\/a><\/div> <!-- aio-icon-component -->[\/vc_column_inner][vc_column_inner width=\u00a0\u00bb1\/3&Prime;]<div class=\"aio-icon-component    style_2\"><a class=\"aio-icon-box-link\" href=\"https:\/\/linetec.info\/fr\/immobilienwirtschaft\/\" ><div id=\"Info-box-wrap-5964\" class=\"aio-icon-box top-icon\" style=\"\"  ><div class=\"aio-icon-top\"><div class=\"ult-just-icon-wrapper  \"><div class=\"align-icon\" style=\"text-align:center;\">\n<div class=\"aio-icon none \"  style=\"color:#009ed4;font-size:60px;display:inline-block;\">\n\t<i class=\"Defaults-building-o\"><\/i>\n<\/div><\/div><\/div><\/div><div class=\"aio-icon-header\" ><h5 class=\"aio-icon-title ult-responsive\"  data-ultimate-target='#Info-box-wrap-5964 .aio-icon-title'  data-responsive-json-new='{\"font-size\":\"desktop:15px;\",\"line-height\":\"\"}'  style=\"\">Planificateur et Administrateur<\/h5><\/div> <!-- header --><\/div> <!-- aio-icon-box --><\/a><\/div> <!-- aio-icon-component -->[\/vc_column_inner][\/vc_row_inner][\/vc_column][\/vc_row]<\/p>\n<\/div>","protected":false},"excerpt":{"rendered":"<p>[vc_row css=\u00a0\u00bb.vc_custom_1525680693210{background-position: center !important;background-repeat: no-repeat !important;background-size: cover !important;}\u00a0\u00bb][vc_column width=\u00a0\u00bb2\/3&Prime; css=\u00a0\u00bb.vc_custom_1525680736490{margin-bottom: 30px !important;}\u00a0\u00bb][vc_column_text] R\u00c9NOVATION D&rsquo;\u00c9GOUT AVEC SYST\u00c8ME Sous la marque lineTEC, Vereinigte Filzfabriken AG (VFG) propose des syst\u00e8mes de chemisage certifi\u00e9s pour la r\u00e9habilitation de conduites d\u00e9fectueuses. Les syst\u00e8mes de r\u00e9habilitation lineTEC sont constitu\u00e9s de chemisages de conduites sp\u00e9cialement d\u00e9velopp\u00e9s pour les diff\u00e9rents domaines d&rsquo;application et&hellip;<\/p>\n","protected":false},"author":1,"featured_media":0,"parent":0,"menu_order":0,"comment_status":"closed","ping_status":"closed","template":"","meta":{"footnotes":""},"class_list":["post-10","page","type-page","status-publish","hentry","description-off"],"_links":{"self":[{"href":"https:\/\/linetec.info\/fr\/wp-json\/wp\/v2\/pages\/10","targetHints":{"allow":["GET"]}}],"collection":[{"href":"https:\/\/linetec.info\/fr\/wp-json\/wp\/v2\/pages"}],"about":[{"href":"https:\/\/linetec.info\/fr\/wp-json\/wp\/v2\/types\/page"}],"author":[{"embeddable":true,"href":"https:\/\/linetec.info\/fr\/wp-json\/wp\/v2\/users\/1"}],"replies":[{"embeddable":true,"href":"https:\/\/linetec.info\/fr\/wp-json\/wp\/v2\/comments?post=10"}],"version-history":[{"count":67,"href":"https:\/\/linetec.info\/fr\/wp-json\/wp\/v2\/pages\/10\/revisions"}],"predecessor-version":[{"id":2142,"href":"https:\/\/linetec.info\/fr\/wp-json\/wp\/v2\/pages\/10\/revisions\/2142"}],"wp:attachment":[{"href":"https:\/\/linetec.info\/fr\/wp-json\/wp\/v2\/media?parent=10"}],"curies":[{"name":"wp","href":"https:\/\/api.w.org\/{rel}","templated":true}]}}