{"id":42,"date":"2018-04-17T14:06:45","date_gmt":"2018-04-17T14:06:45","guid":{"rendered":"https:\/\/linetec.info\/?page_id=42"},"modified":"2025-10-06T09:51:19","modified_gmt":"2025-10-06T09:51:19","slug":"impressum","status":"publish","type":"page","link":"https:\/\/linetec.info\/en\/impressum\/","title":{"rendered":"Company Information"},"content":{"rendered":"<div class=\"wpb-content-wrapper\"><p>[vc_row][vc_column width=&#8221;1\/2&#8243;][vc_column_text css=&#8221;&#8221;]<b>Vereinigte Filzfabriken AG<\/b><br \/>\nGiengener Weg 66<br \/>\n89568 Hermaringen<br \/>\nTel.: +49 7322-144-0<br \/>\nfax: +49 7322-144-246<\/p>\n<p>info@vfg.de<br \/>\nwww.vfg.de<\/p>\n<p>Navigation:<br \/>\nHermaringer Street 9<br \/>\n(follow the signs at the level crossing)<br \/>\n\u00bb Plan your route with Google Maps<\/p>\n<p>CEO: J\u00fcrgen Haggenm\u00fcller, Manuel Sch\u00e4rtl<br \/>\nRegister court: Ulm, Register-Nr. HRB 660001<br \/>\nSales tax identification number according to \u00a7 27a sales tax law:<br \/>\nDE 811 112 655<\/p>\n<p>Responsible for content according to \u00a7 55 paragraph 2 RStV:<br \/>\nJ\u00fcrgen Haggenm\u00fcller, Manuel Sch\u00e4rtl<\/p>\n<p>[\/vc_column_text][\/vc_column][vc_column width=&#8221;1\/2&#8243;][vc_gmaps link=&#8221;#E-8_JTNDaWZyYW1lJTIwc3JjJTNEJTIyaHR0cHMlM0ElMkYlMkZ3d3cuZ29vZ2xlLmNvbSUyRm1hcHMlMkZlbWJlZCUzRnBiJTNEJTIxMW0xOCUyMTFtMTIlMjExbTMlMjExZDI2MzcuNzc4ODM4MTUzNDA2JTIxMmQxMC4yNDY3NjgzMTUxNTc0NzglMjEzZDQ4LjYxNDA3NjUyNTgzMjU4JTIxMm0zJTIxMWYwJTIxMmYwJTIxM2YwJTIxM20yJTIxMWkxMDI0JTIxMmk3NjglMjE0ZjEzLjElMjEzbTMlMjExbTIlMjExczB4NDc5OTNmM2IyNzIwZDE4ZiUyNTNBMHhiYmE4NGU2OTBjNWVhMzk3JTIxMnNWZXJlaW5pZ3RlJTJCRmlsemZhYnJpa2VuJTJCQUclMjE1ZTAlMjEzbTIlMjExc2RlJTIxMnNkZSUyMTR2MTUyNDE0MDM3OTYwNCUyMiUyMHdpZHRoJTNEJTIyNjAwJTIyJTIwaGVpZ2h0JTNEJTIyNDUwJTIyJTIwZnJhbWVib3JkZXIlM0QlMjIwJTIyJTIwc3R5bGUlM0QlMjJib3JkZXIlM0EwJTIyJTIwYWxsb3dmdWxsc2NyZWVuJTNFJTNDJTJGaWZyYW1lJTNF&#8221;][\/vc_column][vc_column][vc_column_text]Conciliation Office<br \/>\nThe competent consumer arbitration body is the: Allgemeine Verbraucherschlichtungsstelle des Zentrums f\u00fcr Schlichtung e.V., Strasburger Str. 8, 77694 Kehl, Germany, telephone: +49 7851 79579 40, fax: +49 7851 79579 41, Internet: www.verbraucher-schlichter.de, e-mail: mail@verbraucher-schlichter.de.However, we hereby declare that we are neither willing nor obliged to participate in any dispute settlement proceedings.Translated with www.DeepL.com\/Translator (free version)<\/p>\n<h3>Legal information<\/h3>\n<p><b>Links on this website:<\/b><\/p>\n<p>The regional court of Hamburg decided with judgement of 12.05.1998 that one has to if necessary also answer for contents of the left side by the yield of a on the left of. This can &#8211; according to the court &#8211; only be prevented by expressly distancing oneself from these contents.<br \/>\n<b><br \/>\nThis applies to all links on the website of Vereinigte Filzfabriken AG:<\/b><\/p>\n<p>&#8220;Vereinigte Filzfabriken AG, the editorial staff of Vereinigte Filzfabriken AG and the webmaster emphasize that they have no influence on the design and content of the linked pages. Therefore, we hereby expressly distance ourselves from the contents of the linked pages on the entire website including all sub-pages. This declaration applies to all links on this website and to all contents of the pages to which links or banners from this website of Vereinigte Filzfabriken AG lead.[\/vc_column_text][\/vc_column][\/vc_row]<\/p>\n<\/div>","protected":false},"excerpt":{"rendered":"<p>[vc_row][vc_column width=&#8221;1\/2&#8243;][vc_column_text css=&#8221;&#8221;]Vereinigte Filzfabriken AG Giengener Weg 66 89568 Hermaringen Tel.: +49 7322-144-0 fax: +49 7322-144-246 info@vfg.de www.vfg.de Navigation: Hermaringer Street 9 (follow the signs at the level crossing) \u00bb Plan your route with Google Maps CEO: J\u00fcrgen Haggenm\u00fcller, Manuel Sch\u00e4rtl Register court: Ulm, Register-Nr. HRB 660001 Sales tax identification number according to \u00a7 27a&hellip;<\/p>\n","protected":false},"author":1,"featured_media":0,"parent":0,"menu_order":0,"comment_status":"closed","ping_status":"closed","template":"","meta":{"footnotes":""},"class_list":["post-42","page","type-page","status-publish","hentry","description-off"],"_links":{"self":[{"href":"https:\/\/linetec.info\/en\/wp-json\/wp\/v2\/pages\/42","targetHints":{"allow":["GET"]}}],"collection":[{"href":"https:\/\/linetec.info\/en\/wp-json\/wp\/v2\/pages"}],"about":[{"href":"https:\/\/linetec.info\/en\/wp-json\/wp\/v2\/types\/page"}],"author":[{"embeddable":true,"href":"https:\/\/linetec.info\/en\/wp-json\/wp\/v2\/users\/1"}],"replies":[{"embeddable":true,"href":"https:\/\/linetec.info\/en\/wp-json\/wp\/v2\/comments?post=42"}],"version-history":[{"count":44,"href":"https:\/\/linetec.info\/en\/wp-json\/wp\/v2\/pages\/42\/revisions"}],"predecessor-version":[{"id":2137,"href":"https:\/\/linetec.info\/en\/wp-json\/wp\/v2\/pages\/42\/revisions\/2137"}],"wp:attachment":[{"href":"https:\/\/linetec.info\/en\/wp-json\/wp\/v2\/media?parent=42"}],"curies":[{"name":"wp","href":"https:\/\/api.w.org\/{rel}","templated":true}]}}