{"id":17,"date":"2018-04-17T10:08:40","date_gmt":"2018-04-17T10:08:40","guid":{"rendered":"https:\/\/linetec.info\/?page_id=17"},"modified":"2026-03-24T12:46:24","modified_gmt":"2026-03-24T12:46:24","slug":"sanierung","status":"publish","type":"page","link":"https:\/\/linetec.info\/en\/sanierung\/","title":{"rendered":"pipe rehabilitation"},"content":{"rendered":"<div class=\"wpb-content-wrapper\"><p>[vc_row][vc_column][vc_row_inner][vc_column_inner width=&#8221;2\/3&#8243;][vc_column_text]<\/p>\n<h2>TRENCHLESS REHABILITATION WITH THE lineTEC SYSTEM<\/h2>\n<p>Whether in residential buildings, industrial plants or in public sphere, lineTEC offers suitable and efficient rehabilitation solutions for defective pipes.<\/p>\n<p><strong>Advantages:<\/strong><\/p>\n<ul>\n<li>No-Dig rehabilitation<\/li>\n<li>Up to 50% savings compared to excavation<\/li>\n<li>Rapid rehabilitation without noise and dirt<\/li>\n<li>Service life of &gt; 50 years<\/li>\n<\/ul>\n<p>[\/vc_column_text][\/vc_column_inner][vc_column_inner width=&#8221;1\/3&#8243;][vc_single_image image=&#8221;499&#8243; img_size=&#8221;large&#8221; alignment=&#8221;center&#8221; image_hovers=&#8221;false&#8221;][\/vc_column_inner][\/vc_row_inner][\/vc_column][\/vc_row][vc_row][vc_column][vc_column_text]<\/p>\n<h3>WHY REHABILITATE?<\/h3>\n<p>Many of the pipes in place have by far exceeded their useful life. Even if they appear to be functional, a camera inspection often reveals damage such as leaky joints, root penetration or cracks.<br \/>\nFrequent blockages, wet masonry, cracks or subsidence in the ground result in damage to the pipes. If caught early, leaky pipes can be quickly and comparatively economically rehabilitated and long outages or expensive subsequent costs can be avoided.[\/vc_column_text][\/vc_column][\/vc_row][vc_row][vc_column width=&#8221;1\/3&#8243;][vc_single_image image=&#8221;207&#8243; img_size=&#8221;medium&#8221; alignment=&#8221;center&#8221; image_hovers=&#8221;false&#8221;][vc_column_text]<\/p>\n<div class=\"oSioSc\">\n<div id=\"tw-target\">\n<div id=\"tw-target-text-container\" class=\"tw-ta-container tw-nfl\">\n<p><em><span lang=\"en\">Wastewater escapes into the underground through a o<\/span>ffset sleeve<\/em><\/p>\n<\/div>\n<\/div>\n<\/div>\n<p>[\/vc_column_text][\/vc_column][vc_column width=&#8221;1\/3&#8243;][vc_single_image image=&#8221;208&#8243; img_size=&#8221;medium&#8221; alignment=&#8221;center&#8221; image_hovers=&#8221;false&#8221;][vc_column_text]<\/p>\n<div class=\"oSioSc\">\n<div id=\"tw-target\">\n<div id=\"tw-target-text-container\" class=\"tw-ta-container tw-nfl\">\n<p id=\"tw-target-text\" class=\"tw-data-text tw-ta tw-text-small\" dir=\"ltr\" data-placeholder=\"\u00dcbersetzung\"><span lang=\"en\"><em>Wastewater escapes into the underground through a crack in the pipe<\/em><br \/>\n<\/span><\/p>\n<\/div>\n<\/div>\n<\/div>\n<p>[\/vc_column_text][\/vc_column][vc_column width=&#8221;1\/3&#8243;][vc_single_image image=&#8221;209&#8243; img_size=&#8221;medium&#8221; alignment=&#8221;center&#8221; image_hovers=&#8221;false&#8221;][vc_column_text]<\/p>\n<div class=\"tw-swapa\">\n<p id=\"tw-target-text\" class=\"tw-data-text tw-ta tw-text-small\" dir=\"ltr\" data-placeholder=\"\u00dcbersetzung\"><em>\u00a0<span lang=\"en\">Waste water accumulates through root ingrowth in the pipe<\/span><\/em><\/p>\n<\/div>\n<p>[\/vc_column_text][\/vc_column][\/vc_row][vc_row][vc_column css=&#8221;.vc_custom_1525705301600{margin-bottom: 30px !important;}&#8221;][vc_column_text css=&#8221;&#8221;]<\/p>\n<h3>lineTEC Partner<\/h3>\n<p>[\/vc_column_text][\/vc_column][\/vc_row][vc_row][vc_column width=&#8221;1\/4&#8243; css=&#8221;.vc_custom_1525705301600{margin-bottom: 30px !important;}&#8221;][vc_single_image image=&#8221;2144&#8243; img_size=&#8221;medium&#8221; css=&#8221;&#8221;][\/vc_column][vc_column width=&#8221;3\/4&#8243;][vc_column_text css=&#8221;&#8221;]<\/p>\n<p>&nbsp;<\/p>\n<p>ALPAX is a sales representative of the company VFG Germany for the Czech and Slovak Republic. We supply line TEC materials for the trenchless sewage pipe repairs.<\/p>\n<p><a href=\"https:\/\/en.alpax.cz\/\">Alpax &#8211; technical fabrics, non-woven glass fiber fabrics<\/a>[\/vc_column_text][\/vc_column][\/vc_row][vc_row][vc_column width=&#8221;1\/4&#8243; css=&#8221;.vc_custom_1525705301600{margin-bottom: 30px !important;}&#8221;][vc_single_image image=&#8221;2145&#8243; img_size=&#8221;medium&#8221; css=&#8221;&#8221;][\/vc_column][vc_column width=&#8221;3\/4&#8243;][vc_column_text css=&#8221;&#8221;]<\/p>\n<p>&nbsp;<\/p>\n<p>&nbsp;<\/p>\n<p>Fluxus Relining Supplies AB ist ein zuverl\u00e4ssiger Einzelh\u00e4ndler f\u00fcr Ausr\u00fcstung, Chemikalien und Materialien Rund um das Thema Relining im Immobiliensektor und bietet ein umfassendes Sortiment an.<\/p>\n<p><a href=\"https:\/\/www.fluxusrelining.se\/\">Fluxus Relining Supplies AB \u2013 \u00c5terf\u00f6rs\u00e4ljare f\u00f6r allt inom relining i fastigheter.<\/a>[\/vc_column_text][\/vc_column][\/vc_row][vc_row][vc_column width=&#8221;1\/4&#8243; css=&#8221;.vc_custom_1525705301600{margin-bottom: 30px !important;}&#8221;][vc_single_image image=&#8221;2146&#8243; img_size=&#8221;medium&#8221; css=&#8221;&#8221;][\/vc_column][vc_column width=&#8221;3\/4&#8243;][vc_column_text css=&#8221;&#8221;]<\/p>\n<p>&nbsp;<\/p>\n<p>&nbsp;<\/p>\n<p>Die HD Sanierungstechnik ist ein junges engagiertes Team, das innovative Technologien und Sanierungsmethodik f\u00fcr die grabenlose Kanalsanierung entwickelt und vertreibt. Wir haben einen einzigartigen Sanierungspacker entwickelt, der 5 Dimensionen abdecken kann!ie HD Sanierungstechnik ist ein junges engagiertes Team, das innovative Technologien und Sanierungsmethodik f\u00fcr die grabenlose Kanalsanierung entwickelt und vertreibt.<\/p>\n<p><a href=\"https:\/\/hd-sanierungstechnik.de\/\">Innovative L\u00f6sungen in der Rohrsanierung, Dichtheitspr\u00fcfung &amp; mehr<\/a>[\/vc_column_text][\/vc_column][\/vc_row][vc_row][vc_column width=&#8221;1\/4&#8243; css=&#8221;.vc_custom_1525705301600{margin-bottom: 30px !important;}&#8221;][vc_single_image image=&#8221;2147&#8243; img_size=&#8221;medium&#8221; css=&#8221;&#8221;][\/vc_column][vc_column width=&#8221;3\/4&#8243;][vc_column_text css=&#8221;&#8221;]<\/p>\n<p>&nbsp;<\/p>\n<p>&nbsp;<\/p>\n<p>Die IMS Group GmbH ist ein Beratungskollektiv, das weltweit verschiedene Produktionsunternehmen der Kanalsanierungsbranche vereint und global kombinierte Produkte und Technologien anbietet.<\/p>\n<p><a href=\"https:\/\/imsgroupgmbh.com\/#kontakt\">IMS Group GmbH IMS Group | Kanal- und grabenlose Rohrsanierung<\/a>[\/vc_column_text][\/vc_column][\/vc_row][vc_row][vc_column width=&#8221;1\/4&#8243; css=&#8221;.vc_custom_1525705301600{margin-bottom: 30px !important;}&#8221;][vc_single_image image=&#8221;2148&#8243; img_size=&#8221;medium&#8221; css=&#8221;&#8221;][\/vc_column][vc_column width=&#8221;3\/4&#8243;][vc_column_text css=&#8221;&#8221;]<\/p>\n<p>&nbsp;<\/p>\n<p>&nbsp;<\/p>\n<p>Bei Iret verf\u00fcgen wir \u00fcber langj\u00e4hrige praktische Erfahrung im Bereich der Relining-Technik f\u00fcr Immobilien. Diese Erfahrung flie\u00dft in die Entwicklung professioneller Werkzeuge f\u00fcr das Relining ein \u2013 Werkzeuge, die einfach, flexibel und innovativ sind.<\/p>\n<p><a href=\"https:\/\/iret.nu\/liner?tm=kundbutik\">Liner &#8211; Iret AB<\/a>[\/vc_column_text][\/vc_column][\/vc_row][vc_row][vc_column width=&#8221;1\/4&#8243; css=&#8221;.vc_custom_1525705301600{margin-bottom: 30px !important;}&#8221;][vc_single_image image=&#8221;2149&#8243; img_size=&#8221;medium&#8221; css=&#8221;&#8221;][\/vc_column][vc_column width=&#8221;3\/4&#8243;][vc_column_text css=&#8221;&#8221;]<\/p>\n<p>&nbsp;<\/p>\n<p>&nbsp;<\/p>\n<p>Als Experten der Rohrsanierung pr\u00e4sentieren wir hochmoderne Produkte rund ums Rohr.<\/p>\n<p><a href=\"https:\/\/polypipe.de\/de\/kontakt\">Kontaktiere uns &#8211; Polypipe GmbH f\u00fcr die ideale Rohrsanierung<\/a>[\/vc_column_text][\/vc_column][\/vc_row][vc_row][vc_column][vc_column_text][\/vc_column_text][\/vc_column][\/vc_row]<\/p>\n<\/div>","protected":false},"excerpt":{"rendered":"<p>[vc_row][vc_column][vc_row_inner][vc_column_inner width=&#8221;2\/3&#8243;][vc_column_text] TRENCHLESS REHABILITATION WITH THE lineTEC SYSTEM Whether in residential buildings, industrial plants or in public sphere, lineTEC offers suitable and efficient rehabilitation solutions for defective pipes. Advantages: No-Dig rehabilitation Up to 50% savings compared to excavation Rapid rehabilitation without noise and dirt Service life of &gt; 50 years [\/vc_column_text][\/vc_column_inner][vc_column_inner width=&#8221;1\/3&#8243;][vc_single_image image=&#8221;499&#8243; img_size=&#8221;large&#8221; alignment=&#8221;center&#8221;&hellip;<\/p>\n","protected":false},"author":1,"featured_media":0,"parent":0,"menu_order":0,"comment_status":"closed","ping_status":"closed","template":"","meta":{"footnotes":""},"class_list":["post-17","page","type-page","status-publish","hentry","description-off"],"_links":{"self":[{"href":"https:\/\/linetec.info\/en\/wp-json\/wp\/v2\/pages\/17","targetHints":{"allow":["GET"]}}],"collection":[{"href":"https:\/\/linetec.info\/en\/wp-json\/wp\/v2\/pages"}],"about":[{"href":"https:\/\/linetec.info\/en\/wp-json\/wp\/v2\/types\/page"}],"author":[{"embeddable":true,"href":"https:\/\/linetec.info\/en\/wp-json\/wp\/v2\/users\/1"}],"replies":[{"embeddable":true,"href":"https:\/\/linetec.info\/en\/wp-json\/wp\/v2\/comments?post=17"}],"version-history":[{"count":39,"href":"https:\/\/linetec.info\/en\/wp-json\/wp\/v2\/pages\/17\/revisions"}],"predecessor-version":[{"id":2167,"href":"https:\/\/linetec.info\/en\/wp-json\/wp\/v2\/pages\/17\/revisions\/2167"}],"wp:attachment":[{"href":"https:\/\/linetec.info\/en\/wp-json\/wp\/v2\/media?parent=17"}],"curies":[{"name":"wp","href":"https:\/\/api.w.org\/{rel}","templated":true}]}}